{"id":44,"date":"2017-05-01T13:26:07","date_gmt":"2017-05-01T12:26:07","guid":{"rendered":"http:\/\/steelwireconsulting.com\/home-2\/"},"modified":"2025-03-19T22:29:44","modified_gmt":"2025-03-19T22:29:44","slug":"alambre-de-acero","status":"publish","type":"page","link":"https:\/\/steelwireconsulting.com\/es\/","title":{"rendered":"Alambre de Acero"},"content":{"rendered":"\n<style type=\"text\/css\" data-created_by=\"avia_inline_auto\" id=\"style-css-av-f9me-e9041e109eb5f400bf1ad8a589bc114c\">\n.avia-section.av-f9me-e9041e109eb5f400bf1ad8a589bc114c{\nbackground-repeat:no-repeat;\nbackground-image:url(https:\/\/steelwireconsulting.com\/wp-content\/uploads\/2015\/04\/banner8.jpg);\nbackground-position:0% 0%;\nbackground-attachment:fixed;\n}\n<\/style>\n<div id='av_section_1'  class='avia-section av-f9me-e9041e109eb5f400bf1ad8a589bc114c main_color avia-section-default avia-no-border-styling  avia-builder-el-0  el_before_av_one_full  avia-builder-el-first  avia-full-stretch avia-bg-style-fixed av-minimum-height av-minimum-height-25 av-height-25  container_wrap fullsize'  data-section-bg-repeat='stretch' data-av_minimum_height_pc='25' data-av_min_height_opt='25'><div class='container av-section-cont-open' ><main  role=\"main\" itemprop=\"mainContentOfPage\"  class='template-page content  av-content-full alpha units'><div class='post-entry post-entry-type-page post-entry-44'><div class='entry-content-wrapper clearfix'>\n\n<style type=\"text\/css\" data-created_by=\"avia_inline_auto\" id=\"style-css-av-m4klzjzd-3cf9b8f9d7129560ae07430a6ca95b6b\">\n#top .av-special-heading.av-m4klzjzd-3cf9b8f9d7129560ae07430a6ca95b6b{\npadding-bottom:10px;\ncolor:#ffffff;\nfont-size:50px;\n}\nbody .av-special-heading.av-m4klzjzd-3cf9b8f9d7129560ae07430a6ca95b6b .av-special-heading-tag .heading-char{\nfont-size:25px;\n}\n#top #wrap_all .av-special-heading.av-m4klzjzd-3cf9b8f9d7129560ae07430a6ca95b6b .av-special-heading-tag{\nfont-size:50px;\n}\n.av-special-heading.av-m4klzjzd-3cf9b8f9d7129560ae07430a6ca95b6b .special-heading-inner-border{\nborder-color:#ffffff;\n}\n.av-special-heading.av-m4klzjzd-3cf9b8f9d7129560ae07430a6ca95b6b .av-subheading{\nfont-size:15px;\n}\n\n@media only screen and (min-width: 480px) and (max-width: 767px){ \n#top #wrap_all .av-special-heading.av-m4klzjzd-3cf9b8f9d7129560ae07430a6ca95b6b .av-special-heading-tag{\nfont-size:0.8em;\n}\n}\n\n@media only screen and (max-width: 479px){ \n#top #wrap_all .av-special-heading.av-m4klzjzd-3cf9b8f9d7129560ae07430a6ca95b6b .av-special-heading-tag{\nfont-size:0.8em;\n}\n}\n<\/style>\n<div  class='av-special-heading av-m4klzjzd-3cf9b8f9d7129560ae07430a6ca95b6b av-special-heading-h3 custom-color-heading blockquote modern-quote  avia-builder-el-1  avia-builder-el-no-sibling  av-thin-font av-inherit-size'><h3 class='av-special-heading-tag '  itemprop=\"headline\"  >Alambre <strong>de Acero<\/strong><\/h3><div class=\"special-heading-border\"><div class=\"special-heading-inner-border\"><\/div><\/div><\/div>\n<\/div><\/div><\/main><!-- close content main element --><\/div><\/div><div id='after_section_1'  class='main_color av_default_container_wrap container_wrap fullsize'  ><div class='container av-section-cont-open' ><div class='template-page content  av-content-full alpha units'><div class='post-entry post-entry-type-page post-entry-44'><div class='entry-content-wrapper clearfix'>\n\n<style type=\"text\/css\" data-created_by=\"avia_inline_auto\" id=\"style-css-av-4lt8w-51e865494b38f87da9dac78589bbf8f3\">\n.flex_column.av-4lt8w-51e865494b38f87da9dac78589bbf8f3{\nborder-radius:0px 0px 0px 0px;\n}\n<\/style>\n<div  class='flex_column av-4lt8w-51e865494b38f87da9dac78589bbf8f3 av_one_full  avia-builder-el-2  el_after_av_section  el_before_av_codeblock  avia-builder-el-first  first flex_column_div  '     ><section  class='av_textblock_section av-456ek-b44020ee01ed3b568524db9f5063c75a '   itemscope=\"itemscope\" itemtype=\"https:\/\/schema.org\/CreativeWork\" ><div class='avia_textblock'  itemprop=\"text\" ><h3 style=\"text-align: center;\"><strong>Opere su m\u00e1quina de trefilado<br \/>\ncon cualquiera de estas opciones:<\/strong><\/h3>\n<\/div><\/section><br \/>\n\n<style type=\"text\/css\" data-created_by=\"avia_inline_auto\" id=\"style-css-av-m5000neg-a721b4f1bc3f1ebd38589dbe6c57c0de\">\n#top .hr.hr-invisible.av-m5000neg-a721b4f1bc3f1ebd38589dbe6c57c0de{\nheight:50px;\n}\n<\/style>\n<div  class='hr av-m5000neg-a721b4f1bc3f1ebd38589dbe6c57c0de hr-invisible  avia-builder-el-4  el_after_av_textblock  avia-builder-el-last '><span class='hr-inner '><span class=\"hr-inner-style\"><\/span><\/span><\/div><\/p><\/div>\n\n\n<style type=\"text\/css\" data-created_by=\"avia_inline_auto\" id=\"style-css-av-146k8-756d8a614f73c63247d8ff74fea4ed8b\">\n#top .hr.hr-invisible.av-146k8-756d8a614f73c63247d8ff74fea4ed8b{\nheight:50px;\n}\n<\/style>\n<div  class='hr av-146k8-756d8a614f73c63247d8ff74fea4ed8b hr-invisible  avia-builder-el-6  el_after_av_codeblock  el_before_av_section  avia-builder-el-last '><span class='hr-inner '><span class=\"hr-inner-style\"><\/span><\/span><\/div>\n<\/div><\/div><\/div><!-- close content main div --><\/div><\/div>\n<style type=\"text\/css\" data-created_by=\"avia_inline_auto\" id=\"style-css-av-ojd8-da28d468618d50e54aefeecfe62cab12\">\n.avia-section.av-ojd8-da28d468618d50e54aefeecfe62cab12{\nbackground-color:#ffffff;\nbackground-image:unset;\n}\n<\/style>\n<div id='av_section_2'  class='avia-section av-ojd8-da28d468618d50e54aefeecfe62cab12 main_color avia-section-default avia-no-border-styling  avia-builder-el-7  el_after_av_hr  el_before_av_hr  avia-bg-style-scroll container_wrap fullsize'  ><div class='container av-section-cont-open' ><div class='template-page content  av-content-full alpha units'><div class='post-entry post-entry-type-page post-entry-44'><div class='entry-content-wrapper clearfix'>\n<section  class='av_textblock_section av-32ybo-60789611fb54b6c25efb51e1e93b94e5 '   itemscope=\"itemscope\" itemtype=\"https:\/\/schema.org\/CreativeWork\" ><div class='avia_textblock'  itemprop=\"text\" ><h3>Baja productividad en m\u00e1quinas trefiladoras de alambre de acero.<\/h3>\n<p>Usted opera su m\u00e1quina de trefilado de alambre probablemente a u 60 % del potencial de su m\u00e1quina.<\/p>\n<p>Adem\u00e1s, usted puede tener otras m\u00e1quinas en la misma condici\u00f3n. A trav\u00e9s de los a\u00f1os usted se ha acostumbrado que esta situaci\u00f3n es normal.<\/p>\n<p>Su compa\u00f1\u00eda tiene un personal t\u00e9cnico que lucha tratando de obtener la producci\u00f3n que el \u00e1rea de ventas demanda. Tienen problemas en las entregas y env\u00edan a clientes propios \u00a0directamente con sus competidores para conseguir el alambre de acero.<\/p>\n<p>Adicionalmente, sus costos por bajo rendimiento son mucho m\u00e1s altos de lo que usted desear\u00eda. Adem\u00e1s, tiene alto consume de dados, mano de obra, y otros insumos auxiliares. Esta baja productividad lo coloca en una situaci\u00f3n de debilidad en su mercado.<\/p>\n<p>El \u00e1rea de ventas no puede competir ni con precios, calidad o entregas a tiempo.<\/p>\n<h3>Resuelva sus problemas.<\/h3>\n<p>Los propietarios resuelven estos problemas adquiriendo m\u00e1s m\u00e1quinas que por lo menos resuelven los problemas de entrega a tiempo.<\/p>\n<p>Imagine que puede correr sus m\u00e1quinas a la velocidad m\u00e1s alta a la que las compr\u00f3 originalmente.<\/p>\n<p>Esto significar\u00eda que podr\u00eda realizar varias cosas con una inversi\u00f3n m\u00ednima. Dentro de las cuales estar\u00edan las entregas a tiempo con calidad, cortar turnos de operaci\u00f3n, o mejor, incrementar sus ventas.<\/p>\n<p>Otro beneficio es que podr\u00e1 parar su equipo m\u00e1s antiguo y solo trabajar con las m\u00e1s nuevas. Esto le ahorrar\u00e1 mucho dinero en refacciones y mano de obra de mantenimiento. Una ventaja adicional es que usted podr\u00e1 entregar su producto en forma urgente a los clientes de su competidor. De esta forma puede conseguir nuevos clientes sin ning\u00fan esfuerzo de ventas. Lo m\u00e1s importante de todo establecer\u00e1 un prestigio como un proveedor confiable dentro de su Mercado.<\/p>\n<h3>Soluci\u00f3n a la baja productividad generalizada.<\/h3>\n<p>Steel Wire Consulting puede resolver sus problemas de productividad en menos de seis meses. El retorno de la inversi\u00f3n en consultor\u00eda normalmente se tiene en tres a seis meses en ahorros o ventas mayores.<\/p>\n<h3>Una asistencia t\u00e9cnica t\u00edpica se lleva a cabo en dos etapas:<\/h3>\n<p><em><strong>Primera Etapa<\/strong><\/em><em>:<\/em>\u00a0Una visita a sus instalaciones para:<\/p>\n<ul>\n<li>Impartir un curso de trefilado para su personal t\u00e9cnico.<\/li>\n<li>Un reconocimiento al equipo al cual quiere aumentar la velocidad.<\/li>\n<li>Terminando las actividades mencionadas, entregar\u00e9 un listado de actividades y tareas que se deben realizar previo a la segunda etapa.<\/li>\n<li>Los clientes normalmente toman de tres a seis meses en terminar las actividades encomendadas.<\/li>\n<\/ul>\n<p><em><strong>Segunda etapa:<\/strong><\/em>\u00a0De acuerdo con el alcance acordado, se realiza una segunda visita a sus instalaciones:<\/p>\n<ul>\n<li>Dar\u00e9 adiestramiento a los operadores para alta velocidad.<\/li>\n<li>Llevar\u00e9 las m\u00e1quinas incluidas en el alcance a su m\u00e1s alta velocidad.<\/li>\n<li>El personal t\u00e9cnico estar\u00e1 en condiciones de modificar los procesos para los nuevos productos.<\/li>\n<\/ul>\n<p>Al final de la asistencia t\u00e9cnica entregar\u00e9 un reporte complete de la consultor\u00eda. \u00c9ste incluye un manual de operaciones Avanzado espec\u00edficamente para las condiciones de su planta.<\/p>\n<\/div><\/section>\n\n<style type=\"text\/css\" data-created_by=\"avia_inline_auto\" id=\"style-css-av-2rk7s-3ba5f3ffb6fb3d8ad7dbb517dd042198\">\n#top .hr.hr-invisible.av-2rk7s-3ba5f3ffb6fb3d8ad7dbb517dd042198{\nheight:50px;\n}\n<\/style>\n<div  class='hr av-2rk7s-3ba5f3ffb6fb3d8ad7dbb517dd042198 hr-invisible  avia-builder-el-9  el_after_av_textblock  el_before_av_image '><span class='hr-inner '><span class=\"hr-inner-style\"><\/span><\/span><\/div>\n\n<style type=\"text\/css\" data-created_by=\"avia_inline_auto\" id=\"style-css-av-m500oj05-9d6b43f24f2c5ba2d25e897d849c7e3b\">\n.avia-image-container.av-m500oj05-9d6b43f24f2c5ba2d25e897d849c7e3b img.avia_image{\nbox-shadow:none;\n}\n.avia-image-container.av-m500oj05-9d6b43f24f2c5ba2d25e897d849c7e3b .av-image-caption-overlay-center{\ncolor:#ffffff;\n}\n<\/style>\n<div  class='avia-image-container av-m500oj05-9d6b43f24f2c5ba2d25e897d849c7e3b av-styling- avia-align-center  avia-builder-el-10  el_after_av_hr  el_before_av_textblock '   itemprop=\"image\" itemscope=\"itemscope\" itemtype=\"https:\/\/schema.org\/ImageObject\" ><div class=\"avia-image-container-inner\"><div class=\"avia-image-overlay-wrap\"><img decoding=\"async\" fetchpriority=\"high\" class='wp-image-1185 avia-img-lazy-loading-not-1185 avia_image ' src=\"https:\/\/steelwireconsulting.com\/wp-content\/uploads\/2024\/12\/IMG_0580.jpg\" alt='' title='M\u00e1quina trefiladora para acero con bajo contenido de carbono para alambre comercial'  height=\"1704\" width=\"2272\"  itemprop=\"thumbnailUrl\" srcset=\"https:\/\/steelwireconsulting.com\/wp-content\/uploads\/2024\/12\/IMG_0580.jpg 2272w, https:\/\/steelwireconsulting.com\/wp-content\/uploads\/2024\/12\/IMG_0580-500x375.jpg 500w, https:\/\/steelwireconsulting.com\/wp-content\/uploads\/2024\/12\/IMG_0580-1030x773.jpg 1030w, https:\/\/steelwireconsulting.com\/wp-content\/uploads\/2024\/12\/IMG_0580-768x576.jpg 768w, https:\/\/steelwireconsulting.com\/wp-content\/uploads\/2024\/12\/IMG_0580-1536x1152.jpg 1536w, https:\/\/steelwireconsulting.com\/wp-content\/uploads\/2024\/12\/IMG_0580-2048x1536.jpg 2048w, https:\/\/steelwireconsulting.com\/wp-content\/uploads\/2024\/12\/IMG_0580-1500x1125.jpg 1500w, https:\/\/steelwireconsulting.com\/wp-content\/uploads\/2024\/12\/IMG_0580-705x529.jpg 705w\" sizes=\"(max-width: 2272px) 100vw, 2272px\" \/><\/div><\/div><\/div>\n<section  class='av_textblock_section av-m500uddd-9f50f458903fb8fac4d7e1cfdd49fa01 '   itemscope=\"itemscope\" itemtype=\"https:\/\/schema.org\/CreativeWork\" ><div class='avia_textblock'  itemprop=\"text\" ><p style=\"text-align: center;\">M\u00e1quina trefiladora para acero con bajo contenido de carbono para alambre comercial<\/p>\n<\/div><\/section>\n<\/div><\/div><\/div><!-- close content main div --><\/div><\/div><div id='after_section_2'  class='main_color av_default_container_wrap container_wrap fullsize'  ><div class='container av-section-cont-open' ><div class='template-page content  av-content-full alpha units'><div class='post-entry post-entry-type-page post-entry-44'><div class='entry-content-wrapper clearfix'>\n\n<style type=\"text\/css\" data-created_by=\"avia_inline_auto\" id=\"style-css-av-1yclg-002023dd1f2bb0d20a76cb085c983af3\">\n#top .hr.hr-invisible.av-1yclg-002023dd1f2bb0d20a76cb085c983af3{\nheight:50px;\n}\n<\/style>\n<div  class='hr av-1yclg-002023dd1f2bb0d20a76cb085c983af3 hr-invisible  avia-builder-el-12  el_after_av_section  el_before_av_codeblock  avia-builder-el-first '><span class='hr-inner '><span class=\"hr-inner-style\"><\/span><\/span><\/div>\n\n","protected":false},"excerpt":{"rendered":"","protected":false},"author":2,"featured_media":0,"parent":0,"menu_order":0,"comment_status":"open","ping_status":"open","template":"","meta":{"_joinchat":[],"footnotes":""},"class_list":["post-44","page","type-page","status-publish","hentry"],"yoast_head":"<!-- This site is optimized with the Yoast SEO plugin v27.5 - https:\/\/yoast.com\/product\/yoast-seo-wordpress\/ -->\n<title>Alambre de Acero<\/title>\n<meta name=\"description\" content=\"Opera su m\u00e1quina de trefilado de alambre de acero probablemente a un 60 % del potencial de su m\u00e1quina.\" \/>\n<meta name=\"robots\" content=\"index, follow, max-snippet:-1, max-image-preview:large, max-video-preview:-1\" \/>\n<link rel=\"canonical\" href=\"https:\/\/steelwireconsulting.com\/es\/alambre-de-acero\/\" \/>\n<meta property=\"og:locale\" content=\"es_ES\" \/>\n<meta property=\"og:type\" content=\"article\" \/>\n<meta property=\"og:title\" content=\"Alambre de Acero\" \/>\n<meta property=\"og:description\" content=\"Opera su m\u00e1quina de trefilado de alambre de acero probablemente a un 60 % del potencial de su m\u00e1quina.\" \/>\n<meta property=\"og:url\" content=\"https:\/\/steelwireconsulting.com\/es\/alambre-de-acero\/\" \/>\n<meta property=\"og:site_name\" content=\"Steel Wire Consulting\" \/>\n<meta property=\"article:publisher\" content=\"https:\/\/www.facebook.com\/steelwireconsulting\/?ref=aymt_homepage_panel\" \/>\n<meta property=\"article:modified_time\" content=\"2025-03-19T22:29:44+00:00\" \/>\n<meta name=\"twitter:card\" content=\"summary_large_image\" \/>\n<meta name=\"twitter:site\" content=\"@okehoes\" \/>\n<meta name=\"twitter:label1\" content=\"Tiempo de lectura\" \/>\n\t<meta name=\"twitter:data1\" content=\"3 minutos\" \/>\n<script type=\"application\/ld+json\" class=\"yoast-schema-graph\">{\"@context\":\"https:\\\/\\\/schema.org\",\"@graph\":[{\"@type\":\"WebPage\",\"@id\":\"https:\\\/\\\/steelwireconsulting.com\\\/es\\\/alambre-de-acero\\\/\",\"url\":\"https:\\\/\\\/steelwireconsulting.com\\\/es\\\/alambre-de-acero\\\/\",\"name\":\"Alambre de Acero\",\"isPartOf\":{\"@id\":\"https:\\\/\\\/steelwireconsulting.com\\\/#website\"},\"datePublished\":\"2017-05-01T12:26:07+00:00\",\"dateModified\":\"2025-03-19T22:29:44+00:00\",\"description\":\"Opera su m\u00e1quina de trefilado de alambre de acero probablemente a un 60 % del potencial de su m\u00e1quina.\",\"breadcrumb\":{\"@id\":\"https:\\\/\\\/steelwireconsulting.com\\\/es\\\/alambre-de-acero\\\/#breadcrumb\"},\"inLanguage\":\"es\",\"potentialAction\":[{\"@type\":\"ReadAction\",\"target\":[\"https:\\\/\\\/steelwireconsulting.com\\\/es\\\/alambre-de-acero\\\/\"]}]},{\"@type\":\"BreadcrumbList\",\"@id\":\"https:\\\/\\\/steelwireconsulting.com\\\/es\\\/alambre-de-acero\\\/#breadcrumb\",\"itemListElement\":[{\"@type\":\"ListItem\",\"position\":1,\"name\":\"Home\",\"item\":\"https:\\\/\\\/steelwireconsulting.com\\\/es\\\/alambre-de-acero\\\/\"},{\"@type\":\"ListItem\",\"position\":2,\"name\":\"Alambre de Acero\"}]},{\"@type\":\"WebSite\",\"@id\":\"https:\\\/\\\/steelwireconsulting.com\\\/#website\",\"url\":\"https:\\\/\\\/steelwireconsulting.com\\\/\",\"name\":\"Steel Wire Consulting\",\"description\":\"Steel Wire Consulting\",\"publisher\":{\"@id\":\"https:\\\/\\\/steelwireconsulting.com\\\/#organization\"},\"potentialAction\":[{\"@type\":\"SearchAction\",\"target\":{\"@type\":\"EntryPoint\",\"urlTemplate\":\"https:\\\/\\\/steelwireconsulting.com\\\/?s={search_term_string}\"},\"query-input\":{\"@type\":\"PropertyValueSpecification\",\"valueRequired\":true,\"valueName\":\"search_term_string\"}}],\"inLanguage\":\"es\"},{\"@type\":\"Organization\",\"@id\":\"https:\\\/\\\/steelwireconsulting.com\\\/#organization\",\"name\":\"Steel Wire Consulting\",\"url\":\"https:\\\/\\\/steelwireconsulting.com\\\/\",\"logo\":{\"@type\":\"ImageObject\",\"inLanguage\":\"es\",\"@id\":\"https:\\\/\\\/steelwireconsulting.com\\\/#\\\/schema\\\/logo\\\/image\\\/\",\"url\":\"https:\\\/\\\/steelwireconsulting.com\\\/wp-content\\\/uploads\\\/2015\\\/04\\\/logo-o.jpg\",\"contentUrl\":\"https:\\\/\\\/steelwireconsulting.com\\\/wp-content\\\/uploads\\\/2015\\\/04\\\/logo-o.jpg\",\"width\":320,\"height\":225,\"caption\":\"Steel Wire Consulting\"},\"image\":{\"@id\":\"https:\\\/\\\/steelwireconsulting.com\\\/#\\\/schema\\\/logo\\\/image\\\/\"},\"sameAs\":[\"https:\\\/\\\/www.facebook.com\\\/steelwireconsulting\\\/?ref=aymt_homepage_panel\",\"https:\\\/\\\/x.com\\\/okehoes\",\"https:\\\/\\\/www.linkedin.com\\\/in\\\/oscar-sierra-94b2b342\\\/\",\"https:\\\/\\\/www.youtube.com\\\/channel\\\/UCuMiGHiEtRCCrwpn0Vdd3ag\"]}]}<\/script>\n<!-- \/ Yoast SEO plugin. -->","yoast_head_json":{"title":"Alambre de Acero","description":"Opera su m\u00e1quina de trefilado de alambre de acero probablemente a un 60 % del potencial de su m\u00e1quina.","robots":{"index":"index","follow":"follow","max-snippet":"max-snippet:-1","max-image-preview":"max-image-preview:large","max-video-preview":"max-video-preview:-1"},"canonical":"https:\/\/steelwireconsulting.com\/es\/alambre-de-acero\/","og_locale":"es_ES","og_type":"article","og_title":"Alambre de Acero","og_description":"Opera su m\u00e1quina de trefilado de alambre de acero probablemente a un 60 % del potencial de su m\u00e1quina.","og_url":"https:\/\/steelwireconsulting.com\/es\/alambre-de-acero\/","og_site_name":"Steel Wire Consulting","article_publisher":"https:\/\/www.facebook.com\/steelwireconsulting\/?ref=aymt_homepage_panel","article_modified_time":"2025-03-19T22:29:44+00:00","twitter_card":"summary_large_image","twitter_site":"@okehoes","twitter_misc":{"Tiempo de lectura":"3 minutos"},"schema":{"@context":"https:\/\/schema.org","@graph":[{"@type":"WebPage","@id":"https:\/\/steelwireconsulting.com\/es\/alambre-de-acero\/","url":"https:\/\/steelwireconsulting.com\/es\/alambre-de-acero\/","name":"Alambre de Acero","isPartOf":{"@id":"https:\/\/steelwireconsulting.com\/#website"},"datePublished":"2017-05-01T12:26:07+00:00","dateModified":"2025-03-19T22:29:44+00:00","description":"Opera su m\u00e1quina de trefilado de alambre de acero probablemente a un 60 % del potencial de su m\u00e1quina.","breadcrumb":{"@id":"https:\/\/steelwireconsulting.com\/es\/alambre-de-acero\/#breadcrumb"},"inLanguage":"es","potentialAction":[{"@type":"ReadAction","target":["https:\/\/steelwireconsulting.com\/es\/alambre-de-acero\/"]}]},{"@type":"BreadcrumbList","@id":"https:\/\/steelwireconsulting.com\/es\/alambre-de-acero\/#breadcrumb","itemListElement":[{"@type":"ListItem","position":1,"name":"Home","item":"https:\/\/steelwireconsulting.com\/es\/alambre-de-acero\/"},{"@type":"ListItem","position":2,"name":"Alambre de Acero"}]},{"@type":"WebSite","@id":"https:\/\/steelwireconsulting.com\/#website","url":"https:\/\/steelwireconsulting.com\/","name":"Steel Wire Consulting","description":"Steel Wire Consulting","publisher":{"@id":"https:\/\/steelwireconsulting.com\/#organization"},"potentialAction":[{"@type":"SearchAction","target":{"@type":"EntryPoint","urlTemplate":"https:\/\/steelwireconsulting.com\/?s={search_term_string}"},"query-input":{"@type":"PropertyValueSpecification","valueRequired":true,"valueName":"search_term_string"}}],"inLanguage":"es"},{"@type":"Organization","@id":"https:\/\/steelwireconsulting.com\/#organization","name":"Steel Wire Consulting","url":"https:\/\/steelwireconsulting.com\/","logo":{"@type":"ImageObject","inLanguage":"es","@id":"https:\/\/steelwireconsulting.com\/#\/schema\/logo\/image\/","url":"https:\/\/steelwireconsulting.com\/wp-content\/uploads\/2015\/04\/logo-o.jpg","contentUrl":"https:\/\/steelwireconsulting.com\/wp-content\/uploads\/2015\/04\/logo-o.jpg","width":320,"height":225,"caption":"Steel Wire Consulting"},"image":{"@id":"https:\/\/steelwireconsulting.com\/#\/schema\/logo\/image\/"},"sameAs":["https:\/\/www.facebook.com\/steelwireconsulting\/?ref=aymt_homepage_panel","https:\/\/x.com\/okehoes","https:\/\/www.linkedin.com\/in\/oscar-sierra-94b2b342\/","https:\/\/www.youtube.com\/channel\/UCuMiGHiEtRCCrwpn0Vdd3ag"]}]}},"_links":{"self":[{"href":"https:\/\/steelwireconsulting.com\/es\/wp-json\/wp\/v2\/pages\/44","targetHints":{"allow":["GET"]}}],"collection":[{"href":"https:\/\/steelwireconsulting.com\/es\/wp-json\/wp\/v2\/pages"}],"about":[{"href":"https:\/\/steelwireconsulting.com\/es\/wp-json\/wp\/v2\/types\/page"}],"author":[{"embeddable":true,"href":"https:\/\/steelwireconsulting.com\/es\/wp-json\/wp\/v2\/users\/2"}],"replies":[{"embeddable":true,"href":"https:\/\/steelwireconsulting.com\/es\/wp-json\/wp\/v2\/comments?post=44"}],"version-history":[{"count":18,"href":"https:\/\/steelwireconsulting.com\/es\/wp-json\/wp\/v2\/pages\/44\/revisions"}],"predecessor-version":[{"id":1228,"href":"https:\/\/steelwireconsulting.com\/es\/wp-json\/wp\/v2\/pages\/44\/revisions\/1228"}],"wp:attachment":[{"href":"https:\/\/steelwireconsulting.com\/es\/wp-json\/wp\/v2\/media?parent=44"}],"curies":[{"name":"wp","href":"https:\/\/api.w.org\/{rel}","templated":true}]}}