{"id":64,"date":"2015-04-08T13:26:52","date_gmt":"2015-04-08T12:26:52","guid":{"rendered":"http:\/\/steelwireconsulting.com\/who-we-arecost-2\/"},"modified":"2024-12-12T01:03:40","modified_gmt":"2024-12-12T01:03:40","slug":"quienes-somos","status":"publish","type":"page","link":"https:\/\/steelwireconsulting.com\/es\/quienes-somos\/","title":{"rendered":"Quienes Somos"},"content":{"rendered":"\n<style type=\"text\/css\" data-created_by=\"avia_inline_auto\" id=\"style-css-av-m4km3rh4-2dad7185b3ad2ab791530c36d87eb9ee\">\n.avia-section.av-m4km3rh4-2dad7185b3ad2ab791530c36d87eb9ee{\nbackground-repeat:no-repeat;\nbackground-image:url(https:\/\/steelwireconsulting.com\/wp-content\/uploads\/2015\/04\/banner2.jpg);\nbackground-position:0% 0%;\nbackground-attachment:fixed;\n}\n<\/style>\n<div id='av_section_1'  class='avia-section av-m4km3rh4-2dad7185b3ad2ab791530c36d87eb9ee main_color avia-section-default avia-no-border-styling  avia-builder-el-0  el_before_av_one_full  avia-builder-el-first  avia-full-stretch avia-bg-style-fixed av-minimum-height av-minimum-height-25 av-height-25  container_wrap fullsize'  data-section-bg-repeat='stretch' data-av_minimum_height_pc='25' data-av_min_height_opt='25'><div class='container av-section-cont-open' ><main  role=\"main\" itemprop=\"mainContentOfPage\"  class='template-page content  av-content-full alpha units'><div class='post-entry post-entry-type-page post-entry-64'><div class='entry-content-wrapper clearfix'>\n\n<style type=\"text\/css\" data-created_by=\"avia_inline_auto\" id=\"style-css-av-av_heading-b90963833351f014a16622aa495ec9d6\">\n#top .av-special-heading.av-av_heading-b90963833351f014a16622aa495ec9d6{\npadding-bottom:10px;\ncolor:#ffffff;\nfont-size:50px;\n}\nbody .av-special-heading.av-av_heading-b90963833351f014a16622aa495ec9d6 .av-special-heading-tag .heading-char{\nfont-size:25px;\n}\n#top #wrap_all .av-special-heading.av-av_heading-b90963833351f014a16622aa495ec9d6 .av-special-heading-tag{\nfont-size:50px;\n}\n.av-special-heading.av-av_heading-b90963833351f014a16622aa495ec9d6 .special-heading-inner-border{\nborder-color:#ffffff;\n}\n.av-special-heading.av-av_heading-b90963833351f014a16622aa495ec9d6 .av-subheading{\nfont-size:15px;\n}\n\n@media only screen and (min-width: 480px) and (max-width: 767px){ \n#top #wrap_all .av-special-heading.av-av_heading-b90963833351f014a16622aa495ec9d6 .av-special-heading-tag{\nfont-size:0.8em;\n}\n}\n\n@media only screen and (max-width: 479px){ \n#top #wrap_all .av-special-heading.av-av_heading-b90963833351f014a16622aa495ec9d6 .av-special-heading-tag{\nfont-size:0.8em;\n}\n}\n<\/style>\n<div  class='av-special-heading av-av_heading-b90963833351f014a16622aa495ec9d6 av-special-heading-h3 custom-color-heading blockquote modern-quote  avia-builder-el-1  avia-builder-el-no-sibling  av-thin-font av-inherit-size'><h3 class='av-special-heading-tag '  itemprop=\"headline\"  >Quienes <strong>Somos<\/strong><\/h3><div class=\"special-heading-border\"><div class=\"special-heading-inner-border\"><\/div><\/div><\/div>\n<\/div><\/div><\/main><!-- close content main element --><\/div><\/div><div id='after_section_1'  class='main_color av_default_container_wrap container_wrap fullsize'  ><div class='container av-section-cont-open' ><div class='template-page content  av-content-full alpha units'><div class='post-entry post-entry-type-page post-entry-64'><div class='entry-content-wrapper clearfix'>\n\n<style type=\"text\/css\" data-created_by=\"avia_inline_auto\" id=\"style-css-av-av_one_full-6126cab7d8fab8d08143dd2dacdf673c\">\n.flex_column.av-av_one_full-6126cab7d8fab8d08143dd2dacdf673c{\nborder-radius:0px 0px 0px 0px;\npadding:0px 0px 0px 0px;\n}\n<\/style>\n<div  class='flex_column av-av_one_full-6126cab7d8fab8d08143dd2dacdf673c av_one_full  avia-builder-el-2  el_after_av_section  avia-builder-el-no-sibling  first flex_column_div av-zero-column-padding  '     ><section  class='av_textblock_section av-av_textblock-396ddf1f42196ca838231e61a4602801 '   itemscope=\"itemscope\" itemtype=\"https:\/\/schema.org\/CreativeWork\" ><div class='avia_textblock'  itemprop=\"text\" ><h1>STEEL WIRE CONSULTING<\/h1>\n<p>Kehoe Wire Consulting tiene el orgullo de ser el \u00fanico en alcanzar las m\u00e1s altas velocidades de trefilado. Especialmente en alto carbono con decapador mec\u00e1nico. Cuenta con 44 a\u00f1os de experiencia en la industria del alambre<\/p>\n<h2>Experiencia.<\/h2>\n<p>Nuestros ingenieros tienen experiencia en la soluci\u00f3n de problemas en m\u00e1s de 40 plantas alrededor del mundo. Siempre aplicando teor\u00eda metal\u00fargica y pr\u00e1ctica. Esto nos permite resolver problemas en:<\/p>\n<p>\u2022 Limpieza \u00e1cida<br \/>\n\u2022 Decapado mec\u00e1nico<br \/>\n\u2022 Trefilado de alta velocidad<br \/>\n\u2022 Galvanizado<br \/>\n\u2022 Recocido<br \/>\n\u2022 Esferoidizado<br \/>\n\u2022 Relevado de esfuerzos<br \/>\n\u2022 Patentado<br \/>\n\u2022 Alambre para forja en fr\u00edo<br \/>\n\u2022 Establecimiento de sistemas de calidad<br \/>\n\u2022 Dise\u00f1o de layout para plantas de alambre<br \/>\n\u2022 Arranque de equipo en durante el comisionamiento de equipo nuevo<br \/>\n\u2022 Reorganizaci\u00f3n de estructuras para mejora de la productividad<br \/>\n\u2022 Selecci\u00f3n de equipo relacionado al trefilado del alambre<br \/>\n\u2022 Automatizaci\u00f3n administrativa<\/p>\n<h3>Costo variable de su compa\u00f1\u00eda<\/h3>\n<p>La industria del alambre de acero es muy competida. \u00a0La competencia en \u00e9sta industria depende de los precios de manera que se requiere de un Sistema confiable de costos:<\/p>\n<p>\u2022 Utilidad<br \/>\n\u2022 Principales insumos que afectan el costo<br \/>\n\u2022 Preparaci\u00f3n de presupuestos<br \/>\n\u2022 Desviaciones del presupuesto y las correcciones necesarias<br \/>\n\u2022 Elasticidad de precios de sus productos.<\/p>\n<p>Podemos ayudarle a calcular sus costos y al hacerlo puede obtener un control estrecho de su planta de alambre.<\/p>\n<\/div><\/section><\/div>\n","protected":false},"excerpt":{"rendered":"","protected":false},"author":2,"featured_media":0,"parent":0,"menu_order":0,"comment_status":"open","ping_status":"open","template":"","meta":{"_joinchat":[],"footnotes":""},"class_list":["post-64","page","type-page","status-publish","hentry"],"yoast_head":"<!-- This site is optimized with the Yoast SEO plugin v27.4 - https:\/\/yoast.com\/product\/yoast-seo-wordpress\/ -->\n<title>Steel Wire Consulting<\/title>\n<meta name=\"description\" content=\"Kehoe Wire Consulting tiene el orgullo de ser el \u00fanico en alcanzar las m\u00e1s altas velocidades de trefilado.\" \/>\n<meta name=\"robots\" content=\"index, follow, max-snippet:-1, max-image-preview:large, max-video-preview:-1\" \/>\n<link rel=\"canonical\" href=\"https:\/\/steelwireconsulting.com\/es\/quienes-somos\/\" \/>\n<meta property=\"og:locale\" content=\"es_ES\" \/>\n<meta property=\"og:type\" content=\"article\" \/>\n<meta property=\"og:title\" content=\"Steel Wire Consulting\" \/>\n<meta property=\"og:description\" content=\"Kehoe Wire Consulting tiene el orgullo de ser el \u00fanico en alcanzar las m\u00e1s altas velocidades de trefilado.\" \/>\n<meta property=\"og:url\" content=\"https:\/\/steelwireconsulting.com\/es\/quienes-somos\/\" \/>\n<meta property=\"og:site_name\" content=\"Steel Wire Consulting\" \/>\n<meta property=\"article:publisher\" content=\"https:\/\/www.facebook.com\/steelwireconsulting\/?ref=aymt_homepage_panel\" \/>\n<meta property=\"article:modified_time\" content=\"2024-12-12T01:03:40+00:00\" \/>\n<meta name=\"twitter:card\" content=\"summary_large_image\" \/>\n<meta name=\"twitter:site\" content=\"@okehoes\" \/>\n<meta name=\"twitter:label1\" content=\"Tiempo de lectura\" \/>\n\t<meta name=\"twitter:data1\" content=\"2 minutos\" \/>\n<script type=\"application\/ld+json\" class=\"yoast-schema-graph\">{\"@context\":\"https:\\\/\\\/schema.org\",\"@graph\":[{\"@type\":\"WebPage\",\"@id\":\"https:\\\/\\\/steelwireconsulting.com\\\/es\\\/quienes-somos\\\/\",\"url\":\"https:\\\/\\\/steelwireconsulting.com\\\/es\\\/quienes-somos\\\/\",\"name\":\"Steel Wire Consulting\",\"isPartOf\":{\"@id\":\"https:\\\/\\\/steelwireconsulting.com\\\/#website\"},\"datePublished\":\"2015-04-08T12:26:52+00:00\",\"dateModified\":\"2024-12-12T01:03:40+00:00\",\"description\":\"Kehoe Wire Consulting tiene el orgullo de ser el \u00fanico en alcanzar las m\u00e1s altas velocidades de trefilado.\",\"breadcrumb\":{\"@id\":\"https:\\\/\\\/steelwireconsulting.com\\\/es\\\/quienes-somos\\\/#breadcrumb\"},\"inLanguage\":\"es\",\"potentialAction\":[{\"@type\":\"ReadAction\",\"target\":[\"https:\\\/\\\/steelwireconsulting.com\\\/es\\\/quienes-somos\\\/\"]}]},{\"@type\":\"BreadcrumbList\",\"@id\":\"https:\\\/\\\/steelwireconsulting.com\\\/es\\\/quienes-somos\\\/#breadcrumb\",\"itemListElement\":[{\"@type\":\"ListItem\",\"position\":1,\"name\":\"Home\",\"item\":\"https:\\\/\\\/steelwireconsulting.com\\\/es\\\/alambre-de-acero\\\/\"},{\"@type\":\"ListItem\",\"position\":2,\"name\":\"Quienes Somos\"}]},{\"@type\":\"WebSite\",\"@id\":\"https:\\\/\\\/steelwireconsulting.com\\\/#website\",\"url\":\"https:\\\/\\\/steelwireconsulting.com\\\/\",\"name\":\"Steel Wire Consulting\",\"description\":\"Steel Wire Consulting\",\"publisher\":{\"@id\":\"https:\\\/\\\/steelwireconsulting.com\\\/#organization\"},\"potentialAction\":[{\"@type\":\"SearchAction\",\"target\":{\"@type\":\"EntryPoint\",\"urlTemplate\":\"https:\\\/\\\/steelwireconsulting.com\\\/?s={search_term_string}\"},\"query-input\":{\"@type\":\"PropertyValueSpecification\",\"valueRequired\":true,\"valueName\":\"search_term_string\"}}],\"inLanguage\":\"es\"},{\"@type\":\"Organization\",\"@id\":\"https:\\\/\\\/steelwireconsulting.com\\\/#organization\",\"name\":\"Steel Wire Consulting\",\"url\":\"https:\\\/\\\/steelwireconsulting.com\\\/\",\"logo\":{\"@type\":\"ImageObject\",\"inLanguage\":\"es\",\"@id\":\"https:\\\/\\\/steelwireconsulting.com\\\/#\\\/schema\\\/logo\\\/image\\\/\",\"url\":\"https:\\\/\\\/steelwireconsulting.com\\\/wp-content\\\/uploads\\\/2015\\\/04\\\/logo-o.jpg\",\"contentUrl\":\"https:\\\/\\\/steelwireconsulting.com\\\/wp-content\\\/uploads\\\/2015\\\/04\\\/logo-o.jpg\",\"width\":320,\"height\":225,\"caption\":\"Steel Wire Consulting\"},\"image\":{\"@id\":\"https:\\\/\\\/steelwireconsulting.com\\\/#\\\/schema\\\/logo\\\/image\\\/\"},\"sameAs\":[\"https:\\\/\\\/www.facebook.com\\\/steelwireconsulting\\\/?ref=aymt_homepage_panel\",\"https:\\\/\\\/x.com\\\/okehoes\",\"https:\\\/\\\/www.linkedin.com\\\/in\\\/oscar-sierra-94b2b342\\\/\",\"https:\\\/\\\/www.youtube.com\\\/channel\\\/UCuMiGHiEtRCCrwpn0Vdd3ag\"]}]}<\/script>\n<!-- \/ Yoast SEO plugin. -->","yoast_head_json":{"title":"Steel Wire Consulting","description":"Kehoe Wire Consulting tiene el orgullo de ser el \u00fanico en alcanzar las m\u00e1s altas velocidades de trefilado.","robots":{"index":"index","follow":"follow","max-snippet":"max-snippet:-1","max-image-preview":"max-image-preview:large","max-video-preview":"max-video-preview:-1"},"canonical":"https:\/\/steelwireconsulting.com\/es\/quienes-somos\/","og_locale":"es_ES","og_type":"article","og_title":"Steel Wire Consulting","og_description":"Kehoe Wire Consulting tiene el orgullo de ser el \u00fanico en alcanzar las m\u00e1s altas velocidades de trefilado.","og_url":"https:\/\/steelwireconsulting.com\/es\/quienes-somos\/","og_site_name":"Steel Wire Consulting","article_publisher":"https:\/\/www.facebook.com\/steelwireconsulting\/?ref=aymt_homepage_panel","article_modified_time":"2024-12-12T01:03:40+00:00","twitter_card":"summary_large_image","twitter_site":"@okehoes","twitter_misc":{"Tiempo de lectura":"2 minutos"},"schema":{"@context":"https:\/\/schema.org","@graph":[{"@type":"WebPage","@id":"https:\/\/steelwireconsulting.com\/es\/quienes-somos\/","url":"https:\/\/steelwireconsulting.com\/es\/quienes-somos\/","name":"Steel Wire Consulting","isPartOf":{"@id":"https:\/\/steelwireconsulting.com\/#website"},"datePublished":"2015-04-08T12:26:52+00:00","dateModified":"2024-12-12T01:03:40+00:00","description":"Kehoe Wire Consulting tiene el orgullo de ser el \u00fanico en alcanzar las m\u00e1s altas velocidades de trefilado.","breadcrumb":{"@id":"https:\/\/steelwireconsulting.com\/es\/quienes-somos\/#breadcrumb"},"inLanguage":"es","potentialAction":[{"@type":"ReadAction","target":["https:\/\/steelwireconsulting.com\/es\/quienes-somos\/"]}]},{"@type":"BreadcrumbList","@id":"https:\/\/steelwireconsulting.com\/es\/quienes-somos\/#breadcrumb","itemListElement":[{"@type":"ListItem","position":1,"name":"Home","item":"https:\/\/steelwireconsulting.com\/es\/alambre-de-acero\/"},{"@type":"ListItem","position":2,"name":"Quienes Somos"}]},{"@type":"WebSite","@id":"https:\/\/steelwireconsulting.com\/#website","url":"https:\/\/steelwireconsulting.com\/","name":"Steel Wire Consulting","description":"Steel Wire Consulting","publisher":{"@id":"https:\/\/steelwireconsulting.com\/#organization"},"potentialAction":[{"@type":"SearchAction","target":{"@type":"EntryPoint","urlTemplate":"https:\/\/steelwireconsulting.com\/?s={search_term_string}"},"query-input":{"@type":"PropertyValueSpecification","valueRequired":true,"valueName":"search_term_string"}}],"inLanguage":"es"},{"@type":"Organization","@id":"https:\/\/steelwireconsulting.com\/#organization","name":"Steel Wire Consulting","url":"https:\/\/steelwireconsulting.com\/","logo":{"@type":"ImageObject","inLanguage":"es","@id":"https:\/\/steelwireconsulting.com\/#\/schema\/logo\/image\/","url":"https:\/\/steelwireconsulting.com\/wp-content\/uploads\/2015\/04\/logo-o.jpg","contentUrl":"https:\/\/steelwireconsulting.com\/wp-content\/uploads\/2015\/04\/logo-o.jpg","width":320,"height":225,"caption":"Steel Wire Consulting"},"image":{"@id":"https:\/\/steelwireconsulting.com\/#\/schema\/logo\/image\/"},"sameAs":["https:\/\/www.facebook.com\/steelwireconsulting\/?ref=aymt_homepage_panel","https:\/\/x.com\/okehoes","https:\/\/www.linkedin.com\/in\/oscar-sierra-94b2b342\/","https:\/\/www.youtube.com\/channel\/UCuMiGHiEtRCCrwpn0Vdd3ag"]}]}},"_links":{"self":[{"href":"https:\/\/steelwireconsulting.com\/es\/wp-json\/wp\/v2\/pages\/64","targetHints":{"allow":["GET"]}}],"collection":[{"href":"https:\/\/steelwireconsulting.com\/es\/wp-json\/wp\/v2\/pages"}],"about":[{"href":"https:\/\/steelwireconsulting.com\/es\/wp-json\/wp\/v2\/types\/page"}],"author":[{"embeddable":true,"href":"https:\/\/steelwireconsulting.com\/es\/wp-json\/wp\/v2\/users\/2"}],"replies":[{"embeddable":true,"href":"https:\/\/steelwireconsulting.com\/es\/wp-json\/wp\/v2\/comments?post=64"}],"version-history":[{"count":1,"href":"https:\/\/steelwireconsulting.com\/es\/wp-json\/wp\/v2\/pages\/64\/revisions"}],"predecessor-version":[{"id":1135,"href":"https:\/\/steelwireconsulting.com\/es\/wp-json\/wp\/v2\/pages\/64\/revisions\/1135"}],"wp:attachment":[{"href":"https:\/\/steelwireconsulting.com\/es\/wp-json\/wp\/v2\/media?parent=64"}],"curies":[{"name":"wp","href":"https:\/\/api.w.org\/{rel}","templated":true}]}}