{"id":78,"date":"2015-04-08T13:26:23","date_gmt":"2015-04-08T12:26:23","guid":{"rendered":"http:\/\/steelwireconsulting.com\/services-2\/"},"modified":"2024-12-22T20:06:24","modified_gmt":"2024-12-22T20:06:24","slug":"servicios","status":"publish","type":"page","link":"https:\/\/steelwireconsulting.com\/es\/servicios\/","title":{"rendered":"Servicios"},"content":{"rendered":"\n<style type=\"text\/css\" data-created_by=\"avia_inline_auto\" id=\"style-css-av-m4km5ass-e54c57164d4fceafdab9335a80f070b6\">\n.avia-section.av-m4km5ass-e54c57164d4fceafdab9335a80f070b6{\nbackground-repeat:no-repeat;\nbackground-image:url(https:\/\/steelwireconsulting.com\/wp-content\/uploads\/2015\/04\/banner7.jpg);\nbackground-position:0% 0%;\nbackground-attachment:fixed;\n}\n<\/style>\n<div id='av_section_1'  class='avia-section av-m4km5ass-e54c57164d4fceafdab9335a80f070b6 main_color avia-section-default avia-no-border-styling  avia-builder-el-0  el_before_av_one_full  avia-builder-el-first  avia-full-stretch avia-bg-style-fixed av-minimum-height av-minimum-height-25 av-height-25  container_wrap fullsize'  data-section-bg-repeat='stretch' data-av_minimum_height_pc='25' data-av_min_height_opt='25'><div class='container av-section-cont-open' ><main  role=\"main\" itemprop=\"mainContentOfPage\"  class='template-page content  av-content-full alpha units'><div class='post-entry post-entry-type-page post-entry-78'><div class='entry-content-wrapper clearfix'>\n\n<style type=\"text\/css\" data-created_by=\"avia_inline_auto\" id=\"style-css-av-a3ve-8c8acb2128dc08493b5abc7bab89abda\">\n#top .av-special-heading.av-a3ve-8c8acb2128dc08493b5abc7bab89abda{\npadding-bottom:10px;\ncolor:#ffffff;\nfont-size:50px;\n}\nbody .av-special-heading.av-a3ve-8c8acb2128dc08493b5abc7bab89abda .av-special-heading-tag .heading-char{\nfont-size:25px;\n}\n#top #wrap_all .av-special-heading.av-a3ve-8c8acb2128dc08493b5abc7bab89abda .av-special-heading-tag{\nfont-size:50px;\n}\n.av-special-heading.av-a3ve-8c8acb2128dc08493b5abc7bab89abda .special-heading-inner-border{\nborder-color:#ffffff;\n}\n.av-special-heading.av-a3ve-8c8acb2128dc08493b5abc7bab89abda .av-subheading{\nfont-size:15px;\n}\n\n@media only screen and (min-width: 480px) and (max-width: 767px){ \n#top #wrap_all .av-special-heading.av-a3ve-8c8acb2128dc08493b5abc7bab89abda .av-special-heading-tag{\nfont-size:0.8em;\n}\n}\n\n@media only screen and (max-width: 479px){ \n#top #wrap_all .av-special-heading.av-a3ve-8c8acb2128dc08493b5abc7bab89abda .av-special-heading-tag{\nfont-size:0.8em;\n}\n}\n<\/style>\n<div  class='av-special-heading av-a3ve-8c8acb2128dc08493b5abc7bab89abda av-special-heading-h3 custom-color-heading blockquote modern-quote  avia-builder-el-1  avia-builder-el-no-sibling  av-inherit-size'><h3 class='av-special-heading-tag '  itemprop=\"headline\"  >Servicios<\/h3><div class=\"special-heading-border\"><div class=\"special-heading-inner-border\"><\/div><\/div><\/div>\n<\/div><\/div><\/main><!-- close content main element --><\/div><\/div><div id='after_section_1'  class='main_color av_default_container_wrap container_wrap fullsize'  ><div class='container av-section-cont-open' ><div class='template-page content  av-content-full alpha units'><div class='post-entry post-entry-type-page post-entry-78'><div class='entry-content-wrapper clearfix'>\n\n<style type=\"text\/css\" data-created_by=\"avia_inline_auto\" id=\"style-css-av-1vhgi-d5ec227e02f5fc6782a2b788ef86468f\">\n.flex_column.av-1vhgi-d5ec227e02f5fc6782a2b788ef86468f{\nborder-radius:0px 0px 0px 0px;\npadding:0px 0px 0px 0px;\n}\n<\/style>\n<div  class='flex_column av-1vhgi-d5ec227e02f5fc6782a2b788ef86468f av_one_full  avia-builder-el-2  el_after_av_section  el_before_av_one_full  avia-builder-el-first  first flex_column_div av-zero-column-padding  '     ><section  class='av_textblock_section av-1b7oa-421a904b3e2f5bb9d8c0798e1ec958a4 '   itemscope=\"itemscope\" itemtype=\"https:\/\/schema.org\/CreativeWork\" ><div class='avia_textblock'  itemprop=\"text\" ><h1><strong>Mejorar la productividad de trefilado de alambre<\/strong><\/h1>\n<p><strong>Mejora tu rentabilidad mediante el aumento de tu productividad. La consultor\u00eda puede ser en varias formas:<\/strong><\/p>\n<h2><strong>Asistencia t\u00e9cnica para plantas existentes de trefilado de alambre.<\/strong><\/h2>\n<ul>\n<li>Diagnosticamos y resolvemos la Fuente de su baja productividad, problemas de calidad y rechazos de clientes. Establecemos los procedimientos para el alambre que usted necesita para operar consistentemente especialmente elaborados para su planta.<\/li>\n<li>\u00a0 \u00a0 \u00a0 De especial relevancia, diagnosticamos sus operaciones. Principalmente proponemos e implementamos soluciones para aumentar su producci\u00f3n, productividad y utilidad. Su planta opera probablemente al 60% de su potencial. Le ayudamos a alcanzar la capacidad instalada en muy poco tiempo.<\/li>\n<li>\u00a0 \u00a0 \u00a0 Usted no cambia su proceso est\u00e1ndar. Su ingeniero a cargo tiene una gran dificultad en modificar o detectar desviaciones al proceso. Le podemos ense\u00f1ar o a su compa\u00f1\u00eda para resolver estos problemas. Escr\u00edbanos para afinar todos sus procesos y procedimientos de su planta de alambre.<\/li>\n<li>Si usted no tiene un experto metal\u00fargico especialista en alambre, usted no necesita uno. Adem\u00e1s, nosotros estamos disponibles para resolver cualquier problema t\u00e9cnico de su alambre. Particularmente aquellos que afectan gravemente la utilidad. Tambi\u00e9n capacitamos a su gerente para resolver cualquier problema metal\u00fargico o problemas del alambre.<\/li>\n<\/ul>\n<h3><strong>Servicios para construir nuevas plantas de trefilado de alambre.<\/strong><\/h3>\n<p>Steel Wire Consulting provee la siguiente asistencia t\u00e9cnica:<\/p>\n<ul>\n<li>Dise\u00f1o de layout para plantas de alambre nuevas.<\/li>\n<li>Definici\u00f3n del equipo necesario para su nueva planta de alambre incluyendo balance de materiales para evitar futuros cuellos de botella.<\/li>\n<li>Selecci\u00f3n de equipo y asistencia para seleccionar la mejor alternativa.<\/li>\n<li>Arranque de su nueva m\u00e1quina de trefilado de manera que \u00e9sta empiece a producir a su m\u00e1xima inmediatamente.<\/li>\n<li>Usted elimina la tradicional curva de aprendizaje.<\/li>\n<li><em>La utilidad esperada la obtiene desde el primer mes de operaciones.<\/em><\/li>\n<li>Le ayudaremos a definir las especificaciones apropiadas de su alambr\u00f3n. Usted no tendr\u00e1 problemas de calidad o devoluciones de sus clientes. Frecuentemente los proveedores de alambr\u00f3n ofrecen su producto con cambios en la cantidad de sus elementos. Para un ingeniero que no tiene el conocimiento puede decidir equivocadamente. Por lo tanto, afectar\u00e1 una enorme cantidad de materiales y una gran cantidad de dinero estar\u00e1 en riesgo de perderse.<\/li>\n<\/ul>\n<\/div><\/section><\/div>\n\n<style type=\"text\/css\" data-created_by=\"avia_inline_auto\" id=\"style-css-av-av_one_full-068220c8262444be99a83ad265bdcedb\">\n.flex_column.av-av_one_full-068220c8262444be99a83ad265bdcedb{\nborder-radius:0px 0px 0px 0px;\npadding:0px 0px 0px 0px;\n}\n<\/style>\n<div  class='flex_column av-av_one_full-068220c8262444be99a83ad265bdcedb av_one_full  avia-builder-el-4  el_after_av_one_full  el_before_av_notification  first flex_column_div av-zero-column-padding  column-top-margin'     ><section  class='av_textblock_section av-av_textblock-564067357eb74c20cdd60b282c9b50bd '   itemscope=\"itemscope\" itemtype=\"https:\/\/schema.org\/CreativeWork\" ><div class='avia_textblock'  itemprop=\"text\" ><p><iframe loading=\"lazy\" src=\"https:\/\/www.youtube.com\/embed\/Vx9lXjLdoFw?rel=0\" width=\"100%\" height=\"315\" frameborder=\"0\" allowfullscreen=\"allowfullscreen\"><\/iframe><\/p>\n<\/div><\/section><\/div>\n<div id='avia-messagebox-' class='avia_message_box av_notification av-s0uu-e9c13f70ffdc37e5770ef008f095ed5a avia-color-blue avia-size-large avia-icon_select-yes avia-border-  avia-builder-el-6  el_after_av_one_full  avia-builder-el-last ' ><div class=\"avia_message_box_content\"><span class='avia_message_box_icon' aria-hidden='true' data-av_icon='\ue80a' data-av_iconfont='entypo-fontello'><\/span><p>Nosotros podemos solucionar esta situaci\u00f3n, afinando el proceso de su m\u00e1quina nueva de alta velocidad<br \/>\nde manera que pueda empezar a disfrutar la utilidad que estaba esperando desde hace mucho tiempo.<\/p>\n<\/div><\/div>\n","protected":false},"excerpt":{"rendered":"","protected":false},"author":2,"featured_media":0,"parent":0,"menu_order":0,"comment_status":"open","ping_status":"open","template":"","meta":{"_joinchat":[],"footnotes":""},"class_list":["post-78","page","type-page","status-publish","hentry"],"yoast_head":"<!-- This site is optimized with the Yoast SEO plugin v27.4 - https:\/\/yoast.com\/product\/yoast-seo-wordpress\/ -->\n<title>Mejorar la productividad<\/title>\n<meta name=\"description\" content=\"Mejora tu rentabilidad mediante el aumento de tu productividad. La consultor\u00eda puede ser en varias formas\" \/>\n<meta name=\"robots\" content=\"index, follow, max-snippet:-1, max-image-preview:large, max-video-preview:-1\" \/>\n<link rel=\"canonical\" href=\"https:\/\/steelwireconsulting.com\/es\/servicios\/\" \/>\n<meta property=\"og:locale\" content=\"es_ES\" \/>\n<meta property=\"og:type\" content=\"article\" \/>\n<meta property=\"og:title\" content=\"Mejorar la productividad\" \/>\n<meta property=\"og:description\" content=\"Mejora tu rentabilidad mediante el aumento de tu productividad. La consultor\u00eda puede ser en varias formas\" \/>\n<meta property=\"og:url\" content=\"https:\/\/steelwireconsulting.com\/es\/servicios\/\" \/>\n<meta property=\"og:site_name\" content=\"Steel Wire Consulting\" \/>\n<meta property=\"article:publisher\" content=\"https:\/\/www.facebook.com\/steelwireconsulting\/?ref=aymt_homepage_panel\" \/>\n<meta property=\"article:modified_time\" content=\"2024-12-22T20:06:24+00:00\" \/>\n<meta name=\"twitter:card\" content=\"summary_large_image\" \/>\n<meta name=\"twitter:site\" content=\"@okehoes\" \/>\n<meta name=\"twitter:label1\" content=\"Tiempo de lectura\" \/>\n\t<meta name=\"twitter:data1\" content=\"2 minutos\" \/>\n<script type=\"application\/ld+json\" class=\"yoast-schema-graph\">{\"@context\":\"https:\\\/\\\/schema.org\",\"@graph\":[{\"@type\":\"WebPage\",\"@id\":\"https:\\\/\\\/steelwireconsulting.com\\\/es\\\/servicios\\\/\",\"url\":\"https:\\\/\\\/steelwireconsulting.com\\\/es\\\/servicios\\\/\",\"name\":\"Mejorar la productividad\",\"isPartOf\":{\"@id\":\"https:\\\/\\\/steelwireconsulting.com\\\/#website\"},\"datePublished\":\"2015-04-08T12:26:23+00:00\",\"dateModified\":\"2024-12-22T20:06:24+00:00\",\"description\":\"Mejora tu rentabilidad mediante el aumento de tu productividad. La consultor\u00eda puede ser en varias formas\",\"breadcrumb\":{\"@id\":\"https:\\\/\\\/steelwireconsulting.com\\\/es\\\/servicios\\\/#breadcrumb\"},\"inLanguage\":\"es\",\"potentialAction\":[{\"@type\":\"ReadAction\",\"target\":[\"https:\\\/\\\/steelwireconsulting.com\\\/es\\\/servicios\\\/\"]}]},{\"@type\":\"BreadcrumbList\",\"@id\":\"https:\\\/\\\/steelwireconsulting.com\\\/es\\\/servicios\\\/#breadcrumb\",\"itemListElement\":[{\"@type\":\"ListItem\",\"position\":1,\"name\":\"Home\",\"item\":\"https:\\\/\\\/steelwireconsulting.com\\\/es\\\/alambre-de-acero\\\/\"},{\"@type\":\"ListItem\",\"position\":2,\"name\":\"Servicios\"}]},{\"@type\":\"WebSite\",\"@id\":\"https:\\\/\\\/steelwireconsulting.com\\\/#website\",\"url\":\"https:\\\/\\\/steelwireconsulting.com\\\/\",\"name\":\"Steel Wire Consulting\",\"description\":\"Steel Wire Consulting\",\"publisher\":{\"@id\":\"https:\\\/\\\/steelwireconsulting.com\\\/#organization\"},\"potentialAction\":[{\"@type\":\"SearchAction\",\"target\":{\"@type\":\"EntryPoint\",\"urlTemplate\":\"https:\\\/\\\/steelwireconsulting.com\\\/?s={search_term_string}\"},\"query-input\":{\"@type\":\"PropertyValueSpecification\",\"valueRequired\":true,\"valueName\":\"search_term_string\"}}],\"inLanguage\":\"es\"},{\"@type\":\"Organization\",\"@id\":\"https:\\\/\\\/steelwireconsulting.com\\\/#organization\",\"name\":\"Steel Wire Consulting\",\"url\":\"https:\\\/\\\/steelwireconsulting.com\\\/\",\"logo\":{\"@type\":\"ImageObject\",\"inLanguage\":\"es\",\"@id\":\"https:\\\/\\\/steelwireconsulting.com\\\/#\\\/schema\\\/logo\\\/image\\\/\",\"url\":\"https:\\\/\\\/steelwireconsulting.com\\\/wp-content\\\/uploads\\\/2015\\\/04\\\/logo-o.jpg\",\"contentUrl\":\"https:\\\/\\\/steelwireconsulting.com\\\/wp-content\\\/uploads\\\/2015\\\/04\\\/logo-o.jpg\",\"width\":320,\"height\":225,\"caption\":\"Steel Wire Consulting\"},\"image\":{\"@id\":\"https:\\\/\\\/steelwireconsulting.com\\\/#\\\/schema\\\/logo\\\/image\\\/\"},\"sameAs\":[\"https:\\\/\\\/www.facebook.com\\\/steelwireconsulting\\\/?ref=aymt_homepage_panel\",\"https:\\\/\\\/x.com\\\/okehoes\",\"https:\\\/\\\/www.linkedin.com\\\/in\\\/oscar-sierra-94b2b342\\\/\",\"https:\\\/\\\/www.youtube.com\\\/channel\\\/UCuMiGHiEtRCCrwpn0Vdd3ag\"]}]}<\/script>\n<!-- \/ Yoast SEO plugin. -->","yoast_head_json":{"title":"Mejorar la productividad","description":"Mejora tu rentabilidad mediante el aumento de tu productividad. La consultor\u00eda puede ser en varias formas","robots":{"index":"index","follow":"follow","max-snippet":"max-snippet:-1","max-image-preview":"max-image-preview:large","max-video-preview":"max-video-preview:-1"},"canonical":"https:\/\/steelwireconsulting.com\/es\/servicios\/","og_locale":"es_ES","og_type":"article","og_title":"Mejorar la productividad","og_description":"Mejora tu rentabilidad mediante el aumento de tu productividad. La consultor\u00eda puede ser en varias formas","og_url":"https:\/\/steelwireconsulting.com\/es\/servicios\/","og_site_name":"Steel Wire Consulting","article_publisher":"https:\/\/www.facebook.com\/steelwireconsulting\/?ref=aymt_homepage_panel","article_modified_time":"2024-12-22T20:06:24+00:00","twitter_card":"summary_large_image","twitter_site":"@okehoes","twitter_misc":{"Tiempo de lectura":"2 minutos"},"schema":{"@context":"https:\/\/schema.org","@graph":[{"@type":"WebPage","@id":"https:\/\/steelwireconsulting.com\/es\/servicios\/","url":"https:\/\/steelwireconsulting.com\/es\/servicios\/","name":"Mejorar la productividad","isPartOf":{"@id":"https:\/\/steelwireconsulting.com\/#website"},"datePublished":"2015-04-08T12:26:23+00:00","dateModified":"2024-12-22T20:06:24+00:00","description":"Mejora tu rentabilidad mediante el aumento de tu productividad. La consultor\u00eda puede ser en varias formas","breadcrumb":{"@id":"https:\/\/steelwireconsulting.com\/es\/servicios\/#breadcrumb"},"inLanguage":"es","potentialAction":[{"@type":"ReadAction","target":["https:\/\/steelwireconsulting.com\/es\/servicios\/"]}]},{"@type":"BreadcrumbList","@id":"https:\/\/steelwireconsulting.com\/es\/servicios\/#breadcrumb","itemListElement":[{"@type":"ListItem","position":1,"name":"Home","item":"https:\/\/steelwireconsulting.com\/es\/alambre-de-acero\/"},{"@type":"ListItem","position":2,"name":"Servicios"}]},{"@type":"WebSite","@id":"https:\/\/steelwireconsulting.com\/#website","url":"https:\/\/steelwireconsulting.com\/","name":"Steel Wire Consulting","description":"Steel Wire Consulting","publisher":{"@id":"https:\/\/steelwireconsulting.com\/#organization"},"potentialAction":[{"@type":"SearchAction","target":{"@type":"EntryPoint","urlTemplate":"https:\/\/steelwireconsulting.com\/?s={search_term_string}"},"query-input":{"@type":"PropertyValueSpecification","valueRequired":true,"valueName":"search_term_string"}}],"inLanguage":"es"},{"@type":"Organization","@id":"https:\/\/steelwireconsulting.com\/#organization","name":"Steel Wire Consulting","url":"https:\/\/steelwireconsulting.com\/","logo":{"@type":"ImageObject","inLanguage":"es","@id":"https:\/\/steelwireconsulting.com\/#\/schema\/logo\/image\/","url":"https:\/\/steelwireconsulting.com\/wp-content\/uploads\/2015\/04\/logo-o.jpg","contentUrl":"https:\/\/steelwireconsulting.com\/wp-content\/uploads\/2015\/04\/logo-o.jpg","width":320,"height":225,"caption":"Steel Wire Consulting"},"image":{"@id":"https:\/\/steelwireconsulting.com\/#\/schema\/logo\/image\/"},"sameAs":["https:\/\/www.facebook.com\/steelwireconsulting\/?ref=aymt_homepage_panel","https:\/\/x.com\/okehoes","https:\/\/www.linkedin.com\/in\/oscar-sierra-94b2b342\/","https:\/\/www.youtube.com\/channel\/UCuMiGHiEtRCCrwpn0Vdd3ag"]}]}},"_links":{"self":[{"href":"https:\/\/steelwireconsulting.com\/es\/wp-json\/wp\/v2\/pages\/78","targetHints":{"allow":["GET"]}}],"collection":[{"href":"https:\/\/steelwireconsulting.com\/es\/wp-json\/wp\/v2\/pages"}],"about":[{"href":"https:\/\/steelwireconsulting.com\/es\/wp-json\/wp\/v2\/types\/page"}],"author":[{"embeddable":true,"href":"https:\/\/steelwireconsulting.com\/es\/wp-json\/wp\/v2\/users\/2"}],"replies":[{"embeddable":true,"href":"https:\/\/steelwireconsulting.com\/es\/wp-json\/wp\/v2\/comments?post=78"}],"version-history":[{"count":3,"href":"https:\/\/steelwireconsulting.com\/es\/wp-json\/wp\/v2\/pages\/78\/revisions"}],"predecessor-version":[{"id":1196,"href":"https:\/\/steelwireconsulting.com\/es\/wp-json\/wp\/v2\/pages\/78\/revisions\/1196"}],"wp:attachment":[{"href":"https:\/\/steelwireconsulting.com\/es\/wp-json\/wp\/v2\/media?parent=78"}],"curies":[{"name":"wp","href":"https:\/\/api.w.org\/{rel}","templated":true}]}}