{"id":87,"date":"2015-04-08T13:26:38","date_gmt":"2015-04-08T12:26:38","guid":{"rendered":"http:\/\/steelwireconsulting.com\/training-courses-2\/"},"modified":"2024-12-22T20:25:41","modified_gmt":"2024-12-22T20:25:41","slug":"cursoscursos-de-trefilado","status":"publish","type":"page","link":"https:\/\/steelwireconsulting.com\/es\/cursoscursos-de-trefilado\/","title":{"rendered":"Cursos"},"content":{"rendered":"\n<style type=\"text\/css\" data-created_by=\"avia_inline_auto\" id=\"style-css-av-25dmz-5a439e2b321d9755c2c3b066c44fe956\">\n.avia-section.av-25dmz-5a439e2b321d9755c2c3b066c44fe956{\nbackground-repeat:no-repeat;\nbackground-image:url(https:\/\/steelwireconsulting.com\/wp-content\/uploads\/2015\/04\/banner8.jpg);\nbackground-position:0% 0%;\nbackground-attachment:fixed;\n}\n<\/style>\n<div id='av_section_1'  class='avia-section av-25dmz-5a439e2b321d9755c2c3b066c44fe956 main_color avia-section-default avia-no-border-styling  avia-builder-el-0  el_before_av_one_full  avia-builder-el-first  avia-full-stretch avia-bg-style-fixed av-minimum-height av-minimum-height-25 av-height-25  container_wrap fullsize'  data-section-bg-repeat='stretch' data-av_minimum_height_pc='25' data-av_min_height_opt='25'><div class='container av-section-cont-open' ><main  role=\"main\" itemprop=\"mainContentOfPage\"  class='template-page content  av-content-full alpha units'><div class='post-entry post-entry-type-page post-entry-87'><div class='entry-content-wrapper clearfix'>\n\n<style type=\"text\/css\" data-created_by=\"avia_inline_auto\" id=\"style-css-av-1lm53-08004038a84bd9b85418a2a8a5246e3d\">\n#top .av-special-heading.av-1lm53-08004038a84bd9b85418a2a8a5246e3d{\npadding-bottom:10px;\ncolor:#ffffff;\nfont-size:50px;\n}\nbody .av-special-heading.av-1lm53-08004038a84bd9b85418a2a8a5246e3d .av-special-heading-tag .heading-char{\nfont-size:25px;\n}\n#top #wrap_all .av-special-heading.av-1lm53-08004038a84bd9b85418a2a8a5246e3d .av-special-heading-tag{\nfont-size:50px;\n}\n.av-special-heading.av-1lm53-08004038a84bd9b85418a2a8a5246e3d .special-heading-inner-border{\nborder-color:#ffffff;\n}\n.av-special-heading.av-1lm53-08004038a84bd9b85418a2a8a5246e3d .av-subheading{\nfont-size:15px;\n}\n\n@media only screen and (min-width: 480px) and (max-width: 767px){ \n#top #wrap_all .av-special-heading.av-1lm53-08004038a84bd9b85418a2a8a5246e3d .av-special-heading-tag{\nfont-size:0.8em;\n}\n}\n\n@media only screen and (max-width: 479px){ \n#top #wrap_all .av-special-heading.av-1lm53-08004038a84bd9b85418a2a8a5246e3d .av-special-heading-tag{\nfont-size:0.8em;\n}\n}\n<\/style>\n<div  class='av-special-heading av-1lm53-08004038a84bd9b85418a2a8a5246e3d av-special-heading-h3 custom-color-heading blockquote modern-quote  avia-builder-el-1  avia-builder-el-no-sibling  av-inherit-size'><h3 class='av-special-heading-tag '  itemprop=\"headline\"  >Cursos<\/h3><div class=\"special-heading-border\"><div class=\"special-heading-inner-border\"><\/div><\/div><\/div>\n<\/div><\/div><\/main><!-- close content main element --><\/div><\/div><div id='after_section_1'  class='main_color av_default_container_wrap container_wrap fullsize'  ><div class='container av-section-cont-open' ><div class='template-page content  av-content-full alpha units'><div class='post-entry post-entry-type-page post-entry-87'><div class='entry-content-wrapper clearfix'>\n\n<style type=\"text\/css\" data-created_by=\"avia_inline_auto\" id=\"style-css-av-oq43-b41b6d227f7be829e35359464333b9ce\">\n.flex_column.av-oq43-b41b6d227f7be829e35359464333b9ce{\nborder-radius:0px 0px 0px 0px;\npadding:0px 0px 0px 0px;\n}\n<\/style>\n<div  class='flex_column av-oq43-b41b6d227f7be829e35359464333b9ce av_one_full  avia-builder-el-2  el_after_av_section  avia-builder-el-no-sibling  first flex_column_div av-zero-column-padding  '     ><section  class='av_textblock_section av-kfgapjhz-afd40e51e69fe5983b89c5ec5365f5a1 '   itemscope=\"itemscope\" itemtype=\"https:\/\/schema.org\/CreativeWork\" ><div class='avia_textblock'  itemprop=\"text\" ><h3><strong>Cursos de trefilado de alambre. En linea o in situ<\/strong><\/h3>\n<p>Resolver los problemas actuales no es suficiente para establecer una operaci\u00f3n confiable. Es necesario respaldar la pr\u00e1ctica con teor\u00eda metal\u00fargica. De esta forma, el responsable del proceso tiene un conocimiento firme de lo que est\u00e1 sucediendo. Hemos dise\u00f1ado muchos cursos de trefilado que se adaptan a la industria de trefilado de acero. Entre los cuales tenemos:<strong>\u00a0<\/strong><\/p>\n<ul>\n<li><strong>LIMPIEZA DEL ACERO<\/strong>\n<ul>\n<li>Decapado con \u00e1cido sulf\u00farico y clorh\u00eddrico.<\/li>\n<li>Decapado mec\u00e1nico con especial \u00e9nfasis en altas velocidades.<\/li>\n<li>Comparaci\u00f3n de los sistemas disponibles m\u00e1s usados: cepillado, lijado, sandblasteo y fibra met\u00e1lica.<\/li>\n<li>Fosfatado.<\/li>\n<li>Recubrimiento en l\u00ednea.<\/li>\n<\/ul>\n<\/li>\n<li><strong>DADOS DE CARBURO DE TUNGSTENO<\/strong>\n<ul>\n<li>Geometr\u00eda de los dados.<\/li>\n<li>Importancia de cada aspecto de la geometr\u00eda.<\/li>\n<li>Recalibrado de los dados. Punto de encuentro.<\/li>\n<li>Corte m\u00ednimo para dados usados.<\/li>\n<li>C\u00f3mo calcular el mejor dise\u00f1o para alta velocidad.<\/li>\n<li>Metal duro es sus defectos. C\u00f3mo definir cuando una rotura es causada por un dado defectuoso.<\/li>\n<li>An\u00e1lisis mec\u00e1nico y di dise\u00f1o de dados. Evitar altas presiones y trabajo redundante.<\/li>\n<\/ul>\n<\/li>\n<li><strong>LUBRICACI\u00d3N<\/strong>\n<ul>\n<li>Selecci\u00f3n del lubricante adecuado.<\/li>\n<li>Ejemplos de diferentes acabados.<\/li>\n<li>Lubricaci\u00f3n Hidrodin\u00e1mica.<\/li>\n<li>De extrema presi\u00f3n y l\u00edmite.<\/li>\n<li>Hidrost\u00e1tica.<\/li>\n<li>Elastohidrodin\u00e1mica.<\/li>\n<\/ul>\n<\/li>\n<li><strong>\u00a0DESGASTE COMO HERRAMIENTA PARA EL TREFILADO DE ALAMBRE<\/strong>\n<ul>\n<li>Abrasivo<\/li>\n<li>Erosi\u00f3n<\/li>\n<li>Desgaste adhesivo<\/li>\n<li>Fatiga<\/li>\n<\/ul>\n<\/li>\n<li><strong>PROTECCI\u00d3N DEL ACERO<\/strong>\n<ul>\n<li>Galvanizado por inmersi\u00f3n en caliente. Factores que afectan la adhesi\u00f3n del recubrimiento y calidad.<\/li>\n<li>Conversi\u00f3n de cromatos. Un m\u00e9todo muy com\u00fan de protecci\u00f3n y pintado met\u00e1lico para usos industriales y ornamentales.<\/li>\n<li>Pavonado<\/li>\n<\/ul>\n<\/li>\n<li><strong>TREFILADO DE ALAMBRE<\/strong>\n<ul>\n<li>C\u00e1lculo de series de dados homog\u00e9neas y descendentes<\/li>\n<li>Predicci\u00f3n de la resistencia a la tracci\u00f3n<\/li>\n<li>Selecci\u00f3n del acero de acuerdo a las necesidades del cliente<\/li>\n<li>Dise\u00f1o de procesos: selecci\u00f3n del alambr\u00f3n, series de dados, reducci\u00f3n y n\u00famero de dados<\/li>\n<\/ul>\n<\/li>\n<\/ul>\n<ul>\n<li><strong>RESOLUCI\u00d3N DE PROBLEMAS EN TREFILADO DE ALAMBRE<\/strong>\n<ul>\n<li>\n<p style=\"display: inline !important;\">Gu\u00eda completa de problemas de trefilado y sus solucione<\/p>\n<\/li>\n<li>\n<h4 style=\"display: inline !important;\"><\/h4>\n<p>Alambre de acero bajo y alto carbon<\/li>\n<\/ul>\n<\/li>\n<li><strong>TRATAMIENTO T\u00c9RMICO DEL ACERO<\/strong>\n<ul>\n<li>Constituci\u00f3n de aleaciones Descripci\u00f3n de los elementos de aleaci\u00f3n y su influencia en las propiedades del acero.<\/li>\n<li>Diagrama hierro carbono. Descripci\u00f3n complete de su uso para predecir microestructuras metal\u00fargicas<\/li>\n<li>Diagramas de transformaci\u00f3n isot\u00e9rmica y de enfriamiento continuo.<\/li>\n<li>Relevado de esfuerzos.<\/li>\n<li>Tipos de recocido<\/li>\n<li>Descripci\u00f3n de los diferentes procesos de recocido. Incremente su productividad de su horno en 40% solo cambiando el ciclo de recocido<\/li>\n<li>Cuando usar los procesos de:\n<ul>\n<li>Revenido.<\/li>\n<li>Austempering.<\/li>\n<li>Martempering.<\/li>\n<\/ul>\n<\/li>\n<\/ul>\n<\/li>\n<\/ul>\n<p><strong>Envejecimiento y envejecimiento por deformaci\u00f3n<\/strong><\/p>\n<\/div><\/section><\/div>\n","protected":false},"excerpt":{"rendered":"","protected":false},"author":2,"featured_media":0,"parent":0,"menu_order":0,"comment_status":"open","ping_status":"open","template":"","meta":{"_joinchat":[],"footnotes":""},"class_list":["post-87","page","type-page","status-publish","hentry"],"yoast_head":"<!-- This site is optimized with the Yoast SEO plugin v27.4 - https:\/\/yoast.com\/product\/yoast-seo-wordpress\/ -->\n<title>Cursos de trefilado<\/title>\n<meta name=\"description\" content=\"Hemos dise\u00f1ado muchos cursos de trefilado que se adaptan a la industria de trefilado de acero.\" \/>\n<meta name=\"robots\" content=\"index, follow, max-snippet:-1, max-image-preview:large, max-video-preview:-1\" \/>\n<link rel=\"canonical\" href=\"https:\/\/steelwireconsulting.com\/es\/cursoscursos-de-trefilado\/\" \/>\n<meta property=\"og:locale\" content=\"es_ES\" \/>\n<meta property=\"og:type\" content=\"article\" \/>\n<meta property=\"og:title\" content=\"Cursos de trefilado\" \/>\n<meta property=\"og:description\" content=\"Hemos dise\u00f1ado muchos cursos de trefilado que se adaptan a la industria de trefilado de acero.\" \/>\n<meta property=\"og:url\" content=\"https:\/\/steelwireconsulting.com\/es\/cursoscursos-de-trefilado\/\" \/>\n<meta property=\"og:site_name\" content=\"Steel Wire Consulting\" \/>\n<meta property=\"article:publisher\" content=\"https:\/\/www.facebook.com\/steelwireconsulting\/?ref=aymt_homepage_panel\" \/>\n<meta property=\"article:modified_time\" content=\"2024-12-22T20:25:41+00:00\" \/>\n<meta name=\"twitter:card\" content=\"summary_large_image\" \/>\n<meta name=\"twitter:site\" content=\"@okehoes\" \/>\n<meta name=\"twitter:label1\" content=\"Tiempo de lectura\" \/>\n\t<meta name=\"twitter:data1\" content=\"2 minutos\" \/>\n<script type=\"application\/ld+json\" class=\"yoast-schema-graph\">{\"@context\":\"https:\\\/\\\/schema.org\",\"@graph\":[{\"@type\":\"WebPage\",\"@id\":\"https:\\\/\\\/steelwireconsulting.com\\\/es\\\/cursoscursos-de-trefilado\\\/\",\"url\":\"https:\\\/\\\/steelwireconsulting.com\\\/es\\\/cursoscursos-de-trefilado\\\/\",\"name\":\"Cursos de trefilado\",\"isPartOf\":{\"@id\":\"https:\\\/\\\/steelwireconsulting.com\\\/#website\"},\"datePublished\":\"2015-04-08T12:26:38+00:00\",\"dateModified\":\"2024-12-22T20:25:41+00:00\",\"description\":\"Hemos dise\u00f1ado muchos cursos de trefilado que se adaptan a la industria de trefilado de acero.\",\"breadcrumb\":{\"@id\":\"https:\\\/\\\/steelwireconsulting.com\\\/es\\\/cursoscursos-de-trefilado\\\/#breadcrumb\"},\"inLanguage\":\"es\",\"potentialAction\":[{\"@type\":\"ReadAction\",\"target\":[\"https:\\\/\\\/steelwireconsulting.com\\\/es\\\/cursoscursos-de-trefilado\\\/\"]}]},{\"@type\":\"BreadcrumbList\",\"@id\":\"https:\\\/\\\/steelwireconsulting.com\\\/es\\\/cursoscursos-de-trefilado\\\/#breadcrumb\",\"itemListElement\":[{\"@type\":\"ListItem\",\"position\":1,\"name\":\"Home\",\"item\":\"https:\\\/\\\/steelwireconsulting.com\\\/es\\\/alambre-de-acero\\\/\"},{\"@type\":\"ListItem\",\"position\":2,\"name\":\"Cursos\"}]},{\"@type\":\"WebSite\",\"@id\":\"https:\\\/\\\/steelwireconsulting.com\\\/#website\",\"url\":\"https:\\\/\\\/steelwireconsulting.com\\\/\",\"name\":\"Steel Wire Consulting\",\"description\":\"Steel Wire Consulting\",\"publisher\":{\"@id\":\"https:\\\/\\\/steelwireconsulting.com\\\/#organization\"},\"potentialAction\":[{\"@type\":\"SearchAction\",\"target\":{\"@type\":\"EntryPoint\",\"urlTemplate\":\"https:\\\/\\\/steelwireconsulting.com\\\/?s={search_term_string}\"},\"query-input\":{\"@type\":\"PropertyValueSpecification\",\"valueRequired\":true,\"valueName\":\"search_term_string\"}}],\"inLanguage\":\"es\"},{\"@type\":\"Organization\",\"@id\":\"https:\\\/\\\/steelwireconsulting.com\\\/#organization\",\"name\":\"Steel Wire Consulting\",\"url\":\"https:\\\/\\\/steelwireconsulting.com\\\/\",\"logo\":{\"@type\":\"ImageObject\",\"inLanguage\":\"es\",\"@id\":\"https:\\\/\\\/steelwireconsulting.com\\\/#\\\/schema\\\/logo\\\/image\\\/\",\"url\":\"https:\\\/\\\/steelwireconsulting.com\\\/wp-content\\\/uploads\\\/2015\\\/04\\\/logo-o.jpg\",\"contentUrl\":\"https:\\\/\\\/steelwireconsulting.com\\\/wp-content\\\/uploads\\\/2015\\\/04\\\/logo-o.jpg\",\"width\":320,\"height\":225,\"caption\":\"Steel Wire Consulting\"},\"image\":{\"@id\":\"https:\\\/\\\/steelwireconsulting.com\\\/#\\\/schema\\\/logo\\\/image\\\/\"},\"sameAs\":[\"https:\\\/\\\/www.facebook.com\\\/steelwireconsulting\\\/?ref=aymt_homepage_panel\",\"https:\\\/\\\/x.com\\\/okehoes\",\"https:\\\/\\\/www.linkedin.com\\\/in\\\/oscar-sierra-94b2b342\\\/\",\"https:\\\/\\\/www.youtube.com\\\/channel\\\/UCuMiGHiEtRCCrwpn0Vdd3ag\"]}]}<\/script>\n<!-- \/ Yoast SEO plugin. -->","yoast_head_json":{"title":"Cursos de trefilado","description":"Hemos dise\u00f1ado muchos cursos de trefilado que se adaptan a la industria de trefilado de acero.","robots":{"index":"index","follow":"follow","max-snippet":"max-snippet:-1","max-image-preview":"max-image-preview:large","max-video-preview":"max-video-preview:-1"},"canonical":"https:\/\/steelwireconsulting.com\/es\/cursoscursos-de-trefilado\/","og_locale":"es_ES","og_type":"article","og_title":"Cursos de trefilado","og_description":"Hemos dise\u00f1ado muchos cursos de trefilado que se adaptan a la industria de trefilado de acero.","og_url":"https:\/\/steelwireconsulting.com\/es\/cursoscursos-de-trefilado\/","og_site_name":"Steel Wire Consulting","article_publisher":"https:\/\/www.facebook.com\/steelwireconsulting\/?ref=aymt_homepage_panel","article_modified_time":"2024-12-22T20:25:41+00:00","twitter_card":"summary_large_image","twitter_site":"@okehoes","twitter_misc":{"Tiempo de lectura":"2 minutos"},"schema":{"@context":"https:\/\/schema.org","@graph":[{"@type":"WebPage","@id":"https:\/\/steelwireconsulting.com\/es\/cursoscursos-de-trefilado\/","url":"https:\/\/steelwireconsulting.com\/es\/cursoscursos-de-trefilado\/","name":"Cursos de trefilado","isPartOf":{"@id":"https:\/\/steelwireconsulting.com\/#website"},"datePublished":"2015-04-08T12:26:38+00:00","dateModified":"2024-12-22T20:25:41+00:00","description":"Hemos dise\u00f1ado muchos cursos de trefilado que se adaptan a la industria de trefilado de acero.","breadcrumb":{"@id":"https:\/\/steelwireconsulting.com\/es\/cursoscursos-de-trefilado\/#breadcrumb"},"inLanguage":"es","potentialAction":[{"@type":"ReadAction","target":["https:\/\/steelwireconsulting.com\/es\/cursoscursos-de-trefilado\/"]}]},{"@type":"BreadcrumbList","@id":"https:\/\/steelwireconsulting.com\/es\/cursoscursos-de-trefilado\/#breadcrumb","itemListElement":[{"@type":"ListItem","position":1,"name":"Home","item":"https:\/\/steelwireconsulting.com\/es\/alambre-de-acero\/"},{"@type":"ListItem","position":2,"name":"Cursos"}]},{"@type":"WebSite","@id":"https:\/\/steelwireconsulting.com\/#website","url":"https:\/\/steelwireconsulting.com\/","name":"Steel Wire Consulting","description":"Steel Wire Consulting","publisher":{"@id":"https:\/\/steelwireconsulting.com\/#organization"},"potentialAction":[{"@type":"SearchAction","target":{"@type":"EntryPoint","urlTemplate":"https:\/\/steelwireconsulting.com\/?s={search_term_string}"},"query-input":{"@type":"PropertyValueSpecification","valueRequired":true,"valueName":"search_term_string"}}],"inLanguage":"es"},{"@type":"Organization","@id":"https:\/\/steelwireconsulting.com\/#organization","name":"Steel Wire Consulting","url":"https:\/\/steelwireconsulting.com\/","logo":{"@type":"ImageObject","inLanguage":"es","@id":"https:\/\/steelwireconsulting.com\/#\/schema\/logo\/image\/","url":"https:\/\/steelwireconsulting.com\/wp-content\/uploads\/2015\/04\/logo-o.jpg","contentUrl":"https:\/\/steelwireconsulting.com\/wp-content\/uploads\/2015\/04\/logo-o.jpg","width":320,"height":225,"caption":"Steel Wire Consulting"},"image":{"@id":"https:\/\/steelwireconsulting.com\/#\/schema\/logo\/image\/"},"sameAs":["https:\/\/www.facebook.com\/steelwireconsulting\/?ref=aymt_homepage_panel","https:\/\/x.com\/okehoes","https:\/\/www.linkedin.com\/in\/oscar-sierra-94b2b342\/","https:\/\/www.youtube.com\/channel\/UCuMiGHiEtRCCrwpn0Vdd3ag"]}]}},"_links":{"self":[{"href":"https:\/\/steelwireconsulting.com\/es\/wp-json\/wp\/v2\/pages\/87","targetHints":{"allow":["GET"]}}],"collection":[{"href":"https:\/\/steelwireconsulting.com\/es\/wp-json\/wp\/v2\/pages"}],"about":[{"href":"https:\/\/steelwireconsulting.com\/es\/wp-json\/wp\/v2\/types\/page"}],"author":[{"embeddable":true,"href":"https:\/\/steelwireconsulting.com\/es\/wp-json\/wp\/v2\/users\/2"}],"replies":[{"embeddable":true,"href":"https:\/\/steelwireconsulting.com\/es\/wp-json\/wp\/v2\/comments?post=87"}],"version-history":[{"count":3,"href":"https:\/\/steelwireconsulting.com\/es\/wp-json\/wp\/v2\/pages\/87\/revisions"}],"predecessor-version":[{"id":1198,"href":"https:\/\/steelwireconsulting.com\/es\/wp-json\/wp\/v2\/pages\/87\/revisions\/1198"}],"wp:attachment":[{"href":"https:\/\/steelwireconsulting.com\/es\/wp-json\/wp\/v2\/media?parent=87"}],"curies":[{"name":"wp","href":"https:\/\/api.w.org\/{rel}","templated":true}]}}