{"id":963,"date":"2017-05-16T18:17:31","date_gmt":"2017-05-16T17:17:31","guid":{"rendered":"https:\/\/steelwireconsulting.com\/?page_id=963\/"},"modified":"2017-05-17T23:47:08","modified_gmt":"2017-05-17T22:47:08","slug":"edicion-seo","status":"publish","type":"page","link":"https:\/\/steelwireconsulting.com\/es\/edicion-seo\/","title":{"rendered":"Edicion SEO"},"content":{"rendered":"<h1><strong>Mejorar la productividad de trefilado de alambre<\/strong><\/h1>\n<p><strong>Mejora tu rentabilidad mediante el aumento de tu productividad. La consultor\u00eda puede ser en varias formas:<\/strong><\/p>\n<h2><strong>Asistencia t\u00e9cnica para plantas existentes de trefilado de alambre.<\/strong><\/h2>\n<ul>\n<li>Diagnosticamos y resolvemos la Fuente de su baja productividad, problemas de calidad y rechazos de clientes. Establecemos los procedimientos para el alambre que usted necesita para operar consistentemente especialmente elaborados para su planta.<\/li>\n<li>\u00a0 \u00a0 \u00a0 De especial relevancia, diagnosticamos sus operaciones. Principalmente proponemos e implementamos soluciones para aumentar su producci\u00f3n, productividad y utilidad. Su planta opera probablemente al 60% de su potencial. Le ayudamos a alcanzar la capacidad instalada en muy poco tiempo.<\/li>\n<li>\u00a0 \u00a0 \u00a0 Usted no cambia su proceso est\u00e1ndar. Su ingeniero a cargo tiene una gran dificultad en modificar o detectar desviaciones al proceso. Le podemos ense\u00f1ar o a su compa\u00f1\u00eda para resolver estos problemas. Escr\u00edbanos para afinar todos sus procesos y procedimientos de su planta de alambre.<\/li>\n<li>Si usted no tiene un experto metal\u00fargico especialista en alambre, usted no necesita uno. Adem\u00e1s, nosotros estamos disponibles para resolver cualquier problema t\u00e9cnico de su alambre. Particularmente aquellos que afectan gravemente la utilidad. Tambi\u00e9n capacitamos a su gerente para resolver cualquier problema metal\u00fargico o problemas del alambre.<\/li>\n<\/ul>\n<h3><strong>Servicios para construir nuevas plantas de trefilado de alambre.<\/strong><\/h3>\n<p>Steel Wire Consulting provee la siguiente asistencia t\u00e9cnica:<\/p>\n<ul>\n<li>Dise\u00f1o de layout para plantas de alambre nuevas.<\/li>\n<li>Definici\u00f3n del equipo necesario para su nueva planta de alambre incluyendo balance de materiales para evitar futuros cuellos de botella.<\/li>\n<li>Selecci\u00f3n de equipo y asistencia para seleccionar la mejor alternativa.<\/li>\n<li>Arranque de su nueva m\u00e1quina de trefilado de manera que \u00e9sta empiece a producir a su m\u00e1xima inmediatamente.<\/li>\n<li>Usted elimina la tradicional curva de aprendizaje.<\/li>\n<li><em>La utilidad esperada la obtiene desde el primer mes de operaciones.<\/em><\/li>\n<li>Le ayudaremos a definir las especificaciones apropiadas de su alambr\u00f3n. Usted no tendr\u00e1 problemas de calidad o devoluciones de sus clientes. Frecuentemente los proveedores de alambr\u00f3n ofrecen su producto con cambios en la cantidad de sus elementos. Para un ingeniero que no tiene el conocimiento puede decidir equivocadamente. Por lo tanto, afectar\u00e1 una enorme cantidad de materiales y una gran cantidad de dinero estar\u00e1 en riesgo de perderse.<\/li>\n<\/ul>\n","protected":false},"excerpt":{"rendered":"<p>Mejorar la productividad de trefilado de alambre Mejora tu rentabilidad mediante el aumento de tu productividad. La consultor\u00eda puede ser en varias formas: Asistencia t\u00e9cnica para plantas existentes de trefilado de alambre. Diagnosticamos y resolvemos la Fuente de su baja productividad, problemas de calidad y rechazos de clientes. Establecemos los procedimientos para el alambre que [&hellip;]<\/p>\n","protected":false},"author":2,"featured_media":0,"parent":0,"menu_order":0,"comment_status":"closed","ping_status":"closed","template":"","meta":{"_joinchat":[],"footnotes":""},"class_list":["post-963","page","type-page","status-publish","hentry"],"yoast_head":"<!-- This site is optimized with the Yoast SEO plugin v27.4 - https:\/\/yoast.com\/product\/yoast-seo-wordpress\/ -->\n<title>Edicion SEO<\/title>\n<meta name=\"description\" content=\"Mejorar la productividad de trefilado de alambre Mejora tu rentabilidad mediante el aumento de tu productividad. La consultor\u00eda puede ser en varias\" \/>\n<meta name=\"robots\" content=\"index, follow, max-snippet:-1, max-image-preview:large, max-video-preview:-1\" \/>\n<link rel=\"canonical\" href=\"https:\/\/steelwireconsulting.com\/es\/edicion-seo\/\" \/>\n<meta property=\"og:locale\" content=\"es_ES\" \/>\n<meta property=\"og:type\" content=\"article\" \/>\n<meta property=\"og:title\" content=\"Edicion SEO\" \/>\n<meta property=\"og:description\" content=\"Mejorar la productividad de trefilado de alambre Mejora tu rentabilidad mediante el aumento de tu productividad. La consultor\u00eda puede ser en varias\" \/>\n<meta property=\"og:url\" content=\"https:\/\/steelwireconsulting.com\/es\/edicion-seo\/\" \/>\n<meta property=\"og:site_name\" content=\"Steel Wire Consulting\" \/>\n<meta property=\"article:publisher\" content=\"https:\/\/www.facebook.com\/steelwireconsulting\/?ref=aymt_homepage_panel\" \/>\n<meta property=\"article:modified_time\" content=\"2017-05-17T22:47:08+00:00\" \/>\n<meta name=\"twitter:card\" content=\"summary_large_image\" \/>\n<meta name=\"twitter:site\" content=\"@okehoes\" \/>\n<meta name=\"twitter:label1\" content=\"Tiempo de lectura\" \/>\n\t<meta name=\"twitter:data1\" content=\"2 minutos\" \/>\n<script type=\"application\/ld+json\" class=\"yoast-schema-graph\">{\"@context\":\"https:\\\/\\\/schema.org\",\"@graph\":[{\"@type\":\"WebPage\",\"@id\":\"https:\\\/\\\/steelwireconsulting.com\\\/es\\\/edicion-seo\\\/\",\"url\":\"https:\\\/\\\/steelwireconsulting.com\\\/es\\\/edicion-seo\\\/\",\"name\":\"Edicion SEO\",\"isPartOf\":{\"@id\":\"https:\\\/\\\/steelwireconsulting.com\\\/#website\"},\"datePublished\":\"2017-05-16T17:17:31+00:00\",\"dateModified\":\"2017-05-17T22:47:08+00:00\",\"description\":\"Mejorar la productividad de trefilado de alambre Mejora tu rentabilidad mediante el aumento de tu productividad. La consultor\u00eda puede ser en varias\",\"breadcrumb\":{\"@id\":\"https:\\\/\\\/steelwireconsulting.com\\\/es\\\/edicion-seo\\\/#breadcrumb\"},\"inLanguage\":\"es\",\"potentialAction\":[{\"@type\":\"ReadAction\",\"target\":[\"https:\\\/\\\/steelwireconsulting.com\\\/es\\\/edicion-seo\\\/\"]}]},{\"@type\":\"BreadcrumbList\",\"@id\":\"https:\\\/\\\/steelwireconsulting.com\\\/es\\\/edicion-seo\\\/#breadcrumb\",\"itemListElement\":[{\"@type\":\"ListItem\",\"position\":1,\"name\":\"Home\",\"item\":\"https:\\\/\\\/steelwireconsulting.com\\\/es\\\/alambre-de-acero\\\/\"},{\"@type\":\"ListItem\",\"position\":2,\"name\":\"Edicion SEO\"}]},{\"@type\":\"WebSite\",\"@id\":\"https:\\\/\\\/steelwireconsulting.com\\\/#website\",\"url\":\"https:\\\/\\\/steelwireconsulting.com\\\/\",\"name\":\"Steel Wire Consulting\",\"description\":\"Steel Wire Consulting\",\"publisher\":{\"@id\":\"https:\\\/\\\/steelwireconsulting.com\\\/#organization\"},\"potentialAction\":[{\"@type\":\"SearchAction\",\"target\":{\"@type\":\"EntryPoint\",\"urlTemplate\":\"https:\\\/\\\/steelwireconsulting.com\\\/?s={search_term_string}\"},\"query-input\":{\"@type\":\"PropertyValueSpecification\",\"valueRequired\":true,\"valueName\":\"search_term_string\"}}],\"inLanguage\":\"es\"},{\"@type\":\"Organization\",\"@id\":\"https:\\\/\\\/steelwireconsulting.com\\\/#organization\",\"name\":\"Steel Wire Consulting\",\"url\":\"https:\\\/\\\/steelwireconsulting.com\\\/\",\"logo\":{\"@type\":\"ImageObject\",\"inLanguage\":\"es\",\"@id\":\"https:\\\/\\\/steelwireconsulting.com\\\/#\\\/schema\\\/logo\\\/image\\\/\",\"url\":\"https:\\\/\\\/steelwireconsulting.com\\\/wp-content\\\/uploads\\\/2015\\\/04\\\/logo-o.jpg\",\"contentUrl\":\"https:\\\/\\\/steelwireconsulting.com\\\/wp-content\\\/uploads\\\/2015\\\/04\\\/logo-o.jpg\",\"width\":320,\"height\":225,\"caption\":\"Steel Wire Consulting\"},\"image\":{\"@id\":\"https:\\\/\\\/steelwireconsulting.com\\\/#\\\/schema\\\/logo\\\/image\\\/\"},\"sameAs\":[\"https:\\\/\\\/www.facebook.com\\\/steelwireconsulting\\\/?ref=aymt_homepage_panel\",\"https:\\\/\\\/x.com\\\/okehoes\",\"https:\\\/\\\/www.linkedin.com\\\/in\\\/oscar-sierra-94b2b342\\\/\",\"https:\\\/\\\/www.youtube.com\\\/channel\\\/UCuMiGHiEtRCCrwpn0Vdd3ag\"]}]}<\/script>\n<!-- \/ Yoast SEO plugin. -->","yoast_head_json":{"title":"Edicion SEO","description":"Mejorar la productividad de trefilado de alambre Mejora tu rentabilidad mediante el aumento de tu productividad. La consultor\u00eda puede ser en varias","robots":{"index":"index","follow":"follow","max-snippet":"max-snippet:-1","max-image-preview":"max-image-preview:large","max-video-preview":"max-video-preview:-1"},"canonical":"https:\/\/steelwireconsulting.com\/es\/edicion-seo\/","og_locale":"es_ES","og_type":"article","og_title":"Edicion SEO","og_description":"Mejorar la productividad de trefilado de alambre Mejora tu rentabilidad mediante el aumento de tu productividad. La consultor\u00eda puede ser en varias","og_url":"https:\/\/steelwireconsulting.com\/es\/edicion-seo\/","og_site_name":"Steel Wire Consulting","article_publisher":"https:\/\/www.facebook.com\/steelwireconsulting\/?ref=aymt_homepage_panel","article_modified_time":"2017-05-17T22:47:08+00:00","twitter_card":"summary_large_image","twitter_site":"@okehoes","twitter_misc":{"Tiempo de lectura":"2 minutos"},"schema":{"@context":"https:\/\/schema.org","@graph":[{"@type":"WebPage","@id":"https:\/\/steelwireconsulting.com\/es\/edicion-seo\/","url":"https:\/\/steelwireconsulting.com\/es\/edicion-seo\/","name":"Edicion SEO","isPartOf":{"@id":"https:\/\/steelwireconsulting.com\/#website"},"datePublished":"2017-05-16T17:17:31+00:00","dateModified":"2017-05-17T22:47:08+00:00","description":"Mejorar la productividad de trefilado de alambre Mejora tu rentabilidad mediante el aumento de tu productividad. La consultor\u00eda puede ser en varias","breadcrumb":{"@id":"https:\/\/steelwireconsulting.com\/es\/edicion-seo\/#breadcrumb"},"inLanguage":"es","potentialAction":[{"@type":"ReadAction","target":["https:\/\/steelwireconsulting.com\/es\/edicion-seo\/"]}]},{"@type":"BreadcrumbList","@id":"https:\/\/steelwireconsulting.com\/es\/edicion-seo\/#breadcrumb","itemListElement":[{"@type":"ListItem","position":1,"name":"Home","item":"https:\/\/steelwireconsulting.com\/es\/alambre-de-acero\/"},{"@type":"ListItem","position":2,"name":"Edicion SEO"}]},{"@type":"WebSite","@id":"https:\/\/steelwireconsulting.com\/#website","url":"https:\/\/steelwireconsulting.com\/","name":"Steel Wire Consulting","description":"Steel Wire Consulting","publisher":{"@id":"https:\/\/steelwireconsulting.com\/#organization"},"potentialAction":[{"@type":"SearchAction","target":{"@type":"EntryPoint","urlTemplate":"https:\/\/steelwireconsulting.com\/?s={search_term_string}"},"query-input":{"@type":"PropertyValueSpecification","valueRequired":true,"valueName":"search_term_string"}}],"inLanguage":"es"},{"@type":"Organization","@id":"https:\/\/steelwireconsulting.com\/#organization","name":"Steel Wire Consulting","url":"https:\/\/steelwireconsulting.com\/","logo":{"@type":"ImageObject","inLanguage":"es","@id":"https:\/\/steelwireconsulting.com\/#\/schema\/logo\/image\/","url":"https:\/\/steelwireconsulting.com\/wp-content\/uploads\/2015\/04\/logo-o.jpg","contentUrl":"https:\/\/steelwireconsulting.com\/wp-content\/uploads\/2015\/04\/logo-o.jpg","width":320,"height":225,"caption":"Steel Wire Consulting"},"image":{"@id":"https:\/\/steelwireconsulting.com\/#\/schema\/logo\/image\/"},"sameAs":["https:\/\/www.facebook.com\/steelwireconsulting\/?ref=aymt_homepage_panel","https:\/\/x.com\/okehoes","https:\/\/www.linkedin.com\/in\/oscar-sierra-94b2b342\/","https:\/\/www.youtube.com\/channel\/UCuMiGHiEtRCCrwpn0Vdd3ag"]}]}},"_links":{"self":[{"href":"https:\/\/steelwireconsulting.com\/es\/wp-json\/wp\/v2\/pages\/963","targetHints":{"allow":["GET"]}}],"collection":[{"href":"https:\/\/steelwireconsulting.com\/es\/wp-json\/wp\/v2\/pages"}],"about":[{"href":"https:\/\/steelwireconsulting.com\/es\/wp-json\/wp\/v2\/types\/page"}],"author":[{"embeddable":true,"href":"https:\/\/steelwireconsulting.com\/es\/wp-json\/wp\/v2\/users\/2"}],"replies":[{"embeddable":true,"href":"https:\/\/steelwireconsulting.com\/es\/wp-json\/wp\/v2\/comments?post=963"}],"version-history":[{"count":0,"href":"https:\/\/steelwireconsulting.com\/es\/wp-json\/wp\/v2\/pages\/963\/revisions"}],"wp:attachment":[{"href":"https:\/\/steelwireconsulting.com\/es\/wp-json\/wp\/v2\/media?parent=963"}],"curies":[{"name":"wp","href":"https:\/\/api.w.org\/{rel}","templated":true}]}}